{"id":948,"date":"2020-11-30T15:53:21","date_gmt":"2020-11-30T15:53:21","guid":{"rendered":"https:\/\/www.partsfactory.com\/catalogue\/"},"modified":"2021-02-26T23:07:24","modified_gmt":"2021-02-26T23:07:24","slug":"katalogus","status":"publish","type":"page","link":"https:\/\/www.partsfactory.com\/de\/katalogus\/","title":{"rendered":"Katalogus"},"content":{"rendered":"<p>[et_pb_section fb_built=&#8220;1&#8243; next_background_color=&#8220;#ffffff&#8220; _builder_version=&#8220;4.7.4&#8243; _module_preset=&#8220;default&#8220; background_color=&#8220;#003a57&#8243; use_background_color_gradient=&#8220;on&#8220; background_color_gradient_start=&#8220;#00456b&#8220; background_color_gradient_end=&#8220;#003a57&#8243; background_image=&#8220;https:\/\/www.partsfactory.com\/wp-content\/uploads\/2020\/12\/cleaner-48-5.png&#8220; custom_padding=&#8220;0px||0px|||&#8220; bottom_divider_style=&#8220;slant&#8220; bottom_divider_height=&#8220;50px&#8220; bottom_divider_flip=&#8220;horizontal&#8220; bottom_divider_height_tablet=&#8220;&#8220; bottom_divider_height_phone=&#8220;25px&#8220; bottom_divider_height_last_edited=&#8220;on|phone&#8220; locked=&#8220;off&#8220;][et_pb_row use_custom_gutter=&#8220;on&#8220; gutter_width=&#8220;2&#8243; make_equal=&#8220;on&#8220; custom_padding_last_edited=&#8220;on|phone&#8220; _builder_version=&#8220;4.7.4&#8243; _module_preset=&#8220;default&#8220; width=&#8220;90%&#8220; width_tablet=&#8220;90%&#8220; width_phone=&#8220;90%&#8220; width_last_edited=&#8220;on|tablet&#8220; max_width_tablet=&#8220;90%&#8220; max_width_phone=&#8220;90%&#8220; max_width_last_edited=&#8220;on|desktop&#8220; custom_padding=&#8220;6vh||6vh||true|false&#8220; custom_padding_tablet=&#8220;10vh||10vh||true|false&#8220; custom_padding_phone=&#8220;10vh||7vh||false|false&#8220; animation_direction=&#8220;bottom&#8220;][et_pb_column type=&#8220;4_4&#8243; _builder_version=&#8220;4.6.5&#8243; _module_preset=&#8220;default&#8220;][et_pb_text _builder_version=&#8220;4.7.4&#8243; _module_preset=&#8220;default&#8220; text_font=&#8220;Asap|600|||||||&#8220; text_text_color=&#8220;#93d502&#8243; text_font_size=&#8220;20px&#8220; text_line_height=&#8220;1em&#8220; header_2_font=&#8220;|700|||||||&#8220; custom_margin=&#8220;||10px||false|false&#8220; custom_margin_tablet=&#8220;||15px||false|false&#8220; custom_margin_phone=&#8220;&#8220; custom_margin_last_edited=&#8220;on|phone&#8220; text_font_size_tablet=&#8220;&#8220; text_font_size_phone=&#8220;18px&#8220; text_font_size_last_edited=&#8220;on|phone&#8220;]<\/p>\n<p><span>M\u00f6chten Sie mehr \u00fcber unsere Produke erfahren?<\/span><\/p>\n<p>[\/et_pb_text][et_pb_text _builder_version=&#8220;4.7.4&#8243; _module_preset=&#8220;default&#8220; header_text_color=&#8220;#ffffff&#8220; header_font_size=&#8220;50px&#8220; header_2_font=&#8220;|700|||||||&#8220; width=&#8220;50%&#8220; width_tablet=&#8220;90%&#8220; width_phone=&#8220;90%&#8220; width_last_edited=&#8220;on|phone&#8220;]<\/p>\n<h1><strong>Erhalten Sie kostenlos unseren Katalog<\/strong><\/h1>\n<p>[\/et_pb_text][\/et_pb_column][\/et_pb_row][\/et_pb_section][et_pb_section fb_built=&#8220;1&#8243; _builder_version=&#8220;4.7.4&#8243; _module_preset=&#8220;default&#8220; background_color=&#8220;#ffffff&#8220; custom_padding=&#8220;50px||||false|false&#8220; locked=&#8220;off&#8220;][et_pb_row column_structure=&#8220;1_3,1_3,1_3&#8243; _builder_version=&#8220;4.7.4&#8243; _module_preset=&#8220;default&#8220; z_index=&#8220;356&#8243;][et_pb_column type=&#8220;1_3&#8243; _builder_version=&#8220;4.7.4&#8243; _module_preset=&#8220;default&#8220;][et_pb_text _builder_version=&#8220;4.7.4&#8243; _module_preset=&#8220;default&#8220; header_2_font=&#8220;|700|||||||&#8220; header_2_text_align=&#8220;left&#8220; module_alignment=&#8220;center&#8220; custom_margin=&#8220;36px||||false|false&#8220; custom_margin_tablet=&#8220;-20px||||false|false&#8220; custom_margin_phone=&#8220;-20px||||false|false&#8220; custom_margin_last_edited=&#8220;on|phone&#8220;]<\/p>\n<p><span>Unser gesamtes Sortiment inklusive OE-Referenzen f\u00fcr Bremsen, Sensoren und weitere Produkte k\u00f6nnen Sie im Katalog 2021\/2022 einsehen.\u00a0Hinterlassen Sie Ihre Daten und Sie erhalten unsere Parts Factory Dokumentation kostenlos.<\/span><\/p>\n<p>[\/et_pb_text][et_pb_blurb title=&#8220;\u00dcbersicht unseres Sortiments&#8220; use_icon=&#8220;on&#8220; font_icon=&#8220;%%57%%&#8220; icon_color=&#8220;#003a57&#8243; icon_placement=&#8220;left&#8220; _builder_version=&#8220;4.7.4&#8243; _module_preset=&#8220;default&#8220; header_font=&#8220;|700|||||||&#8220; custom_margin=&#8220;||14px|||&#8220; custom_css_blurb_title=&#8220;margin-top:5px;&#8220;][\/et_pb_blurb][et_pb_blurb title=&#8220;\tOE-Referenzen nach Marke und Typ&#8220; use_icon=&#8220;on&#8220; font_icon=&#8220;%%57%%&#8220; icon_color=&#8220;#003a57&#8243; icon_placement=&#8220;left&#8220; _builder_version=&#8220;4.7.4&#8243; _module_preset=&#8220;default&#8220; header_font=&#8220;|700|||||||&#8220; custom_margin=&#8220;||14px|||&#8220; custom_css_blurb_title=&#8220;margin-top:5px;&#8220; locked=&#8220;off&#8220;][\/et_pb_blurb][et_pb_blurb title=&#8220;\tUnterst\u00fctzung beim Marketing&#8220; use_icon=&#8220;on&#8220; font_icon=&#8220;%%57%%&#8220; icon_color=&#8220;#003a57&#8243; icon_placement=&#8220;left&#8220; _builder_version=&#8220;4.7.4&#8243; _module_preset=&#8220;default&#8220; header_font=&#8220;|700|||||||&#8220; custom_margin=&#8220;||14px|||&#8220; custom_css_blurb_title=&#8220;margin-top:5px;&#8220; locked=&#8220;off&#8220;][\/et_pb_blurb][\/et_pb_column][et_pb_column type=&#8220;1_3&#8243; _builder_version=&#8220;4.7.4&#8243; _module_preset=&#8220;default&#8220; custom_padding=&#8220;||||false|false&#8220; custom_padding_tablet=&#8220;120px|0px|40px||false|false&#8220; custom_padding_phone=&#8220;50px|0px|||false|false&#8220; custom_padding_last_edited=&#8220;off|desktop&#8220;][et_pb_text _builder_version=&#8220;4.9.0&#8243; _module_preset=&#8220;default&#8220; background_color=&#8220;rgba(212,223,231,0.78)&#8220; custom_padding=&#8220;25px|15px|25px|25px|true|false&#8220; hover_enabled=&#8220;0&#8243; border_radii=&#8220;on|8px|8px|8px|8px&#8220; sticky_enabled=&#8220;0&#8243;]<\/p>\n<div class=\"caldera-grid\" id=\"caldera_form_1\" data-cf-ver=\"1.9.7\" data-cf-form-id=\"CF60397ec4c21d3\"><div id=\"caldera_notices_1\" data-spinner=\"https:\/\/www.partsfactory.com\/wp-admin\/images\/spinner.gif\"><\/div><form data-instance=\"1\" class=\"CF60397ec4c21d3 caldera_forms_form cfajax-trigger\" method=\"POST\" enctype=\"multipart\/form-data\" id=\"CF60397ec4c21d3_1\" data-form-id=\"CF60397ec4c21d3\" aria-label=\"Catalogue DE\" data-target=\"#caldera_notices_1\" data-template=\"#cfajax_CF60397ec4c21d3-tmpl\" data-cfajax=\"CF60397ec4c21d3\" data-load-element=\"_parent\" data-load-class=\"cf_processing\" data-post-disable=\"0\" data-action=\"cf_process_ajax_submit\" data-request=\"https:\/\/www.partsfactory.com\/de\/\/cf-api\/CF60397ec4c21d3\" data-hiderows=\"true\">\r\n<input type=\"hidden\" id=\"_cf_verify_CF60397ec4c21d3\" name=\"_cf_verify\" value=\"f07c8e5c1a\"  data-nonce-time=\"1775733732\" \/><input type=\"hidden\" name=\"_wp_http_referer\" value=\"\/de\/wp-json\/wp\/v2\/pages\/948\" \/><div id=\"cf2-CF60397ec4c21d3_1\"><\/div><input type=\"hidden\" name=\"_cf_frm_id\" value=\"CF60397ec4c21d3\">\r\n<input type=\"hidden\" name=\"_cf_frm_ct\" value=\"1\">\r\n<input type=\"hidden\" name=\"cfajax\" value=\"CF60397ec4c21d3\">\r\n<input type=\"hidden\" name=\"_cf_cr_pst\" value=\"948\">\r\n<div class=\"hide\" style=\"display:none; overflow:hidden;height:0;width:0;\">\r\n<label>Order Number<\/label><input type=\"text\" name=\"order_number\" value=\"\" autocomplete=\"off\">\r\n<\/div><div id=\"CF60397ec4c21d3_1-row-1\"  class=\"row  first_row\"><div  class=\"col-sm-12  single\"><div class=\"\"><h2> Ihre Daten<\/h2>\n<\/div><div data-field-wrapper=\"fld_8768091\" class=\"form-group\" id=\"fld_8768091_1-wrap\">\r\n\t<label id=\"fld_8768091Label\" for=\"fld_8768091_1\" class=\"control-label screen-reader-text sr-only\">Name<\/label>\r\n\t<div class=\"\">\r\n\t\t<input placeholder=\"Name\"  required type=\"text\" data-field=\"fld_8768091\" class=\" form-control\" id=\"fld_8768091_1\" name=\"fld_8768091\" value=\"\" data-type=\"text\" aria-required=\"true\"   aria-labelledby=\"fld_8768091Label\" >\t\t\t<\/div>\r\n<\/div>\r\n<div data-field-wrapper=\"fld_7780436\" class=\"form-group\" id=\"fld_7780436_1-wrap\">\r\n\t<label id=\"fld_7780436Label\" for=\"fld_7780436_1\" class=\"control-label screen-reader-text sr-only\">Firmenname<\/label>\r\n\t<div class=\"\">\r\n\t\t<input placeholder=\" Firmenname\"  required type=\"text\" data-field=\"fld_7780436\" class=\" form-control\" id=\"fld_7780436_1\" name=\"fld_7780436\" value=\"\" data-type=\"text\" aria-required=\"true\"   aria-labelledby=\"fld_7780436Label\" >\t\t\t<\/div>\r\n<\/div>\r\n<div data-field-wrapper=\"fld_8579364\" class=\"form-group\" id=\"fld_8579364_1-wrap\">\r\n\t<label id=\"fld_8579364Label\" for=\"fld_8579364_1\" class=\"control-label screen-reader-text sr-only\">Land<\/label>\r\n\t<div class=\"\">\r\n\t\t<input placeholder=\"Land\"  required type=\"text\" data-field=\"fld_8579364\" class=\" form-control\" id=\"fld_8579364_1\" name=\"fld_8579364\" value=\"\" data-type=\"text\" aria-required=\"true\"   aria-labelledby=\"fld_8579364Label\" >\t\t\t<\/div>\r\n<\/div>\r\n<div data-field-wrapper=\"fld_6009157\" class=\"form-group\" id=\"fld_6009157_1-wrap\">\r\n\t<label id=\"fld_6009157Label\" for=\"fld_6009157_1\" class=\"control-label screen-reader-text sr-only\">E-Mail-Addresse<\/label>\r\n\t<div class=\"\">\r\n\t\t<input placeholder=\"E-Mail-Addresse\"  required type=\"email\" data-field=\"fld_6009157\" class=\" form-control\" id=\"fld_6009157_1\" name=\"fld_6009157\" value=\"\" data-type=\"email\" aria-required=\"true\"   aria-labelledby=\"fld_6009157Label\" >\t\t\t<\/div>\r\n<\/div>\r\n<\/div><\/div><div id=\"CF60397ec4c21d3_1-row-2\"  class=\"row  last_row\"><div  class=\"col-sm-12  single\"><div data-field-wrapper=\"fld_7908577\" class=\"form-group\" id=\"fld_7908577_1-wrap\">\r\n\t<label class=\"control-label\">&nbsp;<\/label>\n<div class=\"\">\r\n\t<input  class=\"forms_submit\" type=\"submit\" name=\"fld_7908577\" id=\"fld_7908577_1\" value=\"Forder Katalog an\" data-field=\"fld_7908577\"  >\n<\/div>\r\n<\/div>\r\n\t<input class=\"button_trigger_1\" type=\"hidden\" name=\"fld_7908577\" id=\"fld_7908577_1_btn\" value=\"\" data-field=\"fld_7908577\"  \/>\n<\/div><\/div><\/form>\r\n<\/div>\r\n\n<p>[\/et_pb_text][\/et_pb_column][et_pb_column type=&#8220;1_3&#8243; _builder_version=&#8220;4.7.4&#8243; _module_preset=&#8220;default&#8220; custom_padding=&#8220;||||false|false&#8220; custom_padding_tablet=&#8220;120px|0px|40px||false|false&#8220; custom_padding_phone=&#8220;50px|0px|||false|false&#8220; custom_padding_last_edited=&#8220;off|desktop&#8220;][et_pb_image src=&#8220;https:\/\/www.partsfactory.com\/wp-content\/uploads\/2021\/01\/Catalogus.png&#8220; title_text=&#8220;Catalogus&#8220; _builder_version=&#8220;4.7.4&#8243; _module_preset=&#8220;default&#8220; transform_scale=&#8220;130%|130%&#8220; transform_scale_tablet=&#8220;100%|100%&#8220; transform_scale_phone=&#8220;&#8220; transform_scale_last_edited=&#8220;on|tablet&#8220; transform_translate=&#8220;40px|20px&#8220; transform_translate_tablet=&#8220;0px|0px&#8220; transform_translate_phone=&#8220;&#8220; transform_translate_last_edited=&#8220;on|desktop&#8220; transform_translate_linked=&#8220;off&#8220; transform_rotate=&#8220;0deg|0deg|2deg&#8220; transform_rotate_tablet=&#8220;&#8220; transform_rotate_phone=&#8220;&#8220; transform_rotate_last_edited=&#8220;on|desktop&#8220; transform_skew_tablet=&#8220;&#8220; transform_skew_phone=&#8220;&#8220; transform_skew_last_edited=&#8220;on|desktop&#8220; transform_origin_tablet=&#8220;&#8220; transform_origin_phone=&#8220;&#8220; transform_origin_last_edited=&#8220;on|desktop&#8220; transform_styles_last_edited=&#8220;on|tablet&#8220; transform_styles_tablet=&#8220;&#8220; transform_styles_phone=&#8220;&#8220;][\/et_pb_image][\/et_pb_column][\/et_pb_row][\/et_pb_section]<\/p>\n","protected":false},"excerpt":{"rendered":"<p>M\u00f6chten Sie mehr \u00fcber unsere Produke erfahren?Erhalten Sie kostenlos unseren KatalogUnser gesamtes Sortiment inklusive OE-Referenzen f\u00fcr Bremsen, Sensoren und weitere Produkte k\u00f6nnen Sie im Katalog 2021\/2022 einsehen.\u00a0Hinterlassen Sie Ihre Daten und Sie erhalten unsere Parts Factory Dokumentation kostenlos.<div class=\"caldera-grid\" id=\"caldera_form_2\" data-cf-ver=\"1.9.7\" data-cf-form-id=\"CF60397ec4c21d3\"><div id=\"caldera_notices_2\" data-spinner=\"https:\/\/www.partsfactory.com\/wp-admin\/images\/spinner.gif\"><\/div><form data-instance=\"2\" class=\"CF60397ec4c21d3 caldera_forms_form cfajax-trigger\" method=\"POST\" enctype=\"multipart\/form-data\" id=\"CF60397ec4c21d3_2\" data-form-id=\"CF60397ec4c21d3\" aria-label=\"Catalogue DE\" data-target=\"#caldera_notices_2\" data-template=\"#cfajax_CF60397ec4c21d3-tmpl\" data-cfajax=\"CF60397ec4c21d3\" data-load-element=\"_parent\" data-load-class=\"cf_processing\" data-post-disable=\"0\" data-action=\"cf_process_ajax_submit\" data-request=\"https:\/\/www.partsfactory.com\/de\/\/cf-api\/CF60397ec4c21d3\" data-hiderows=\"true\">\r\n<input type=\"hidden\" id=\"_cf_verify_CF60397ec4c21d3\" name=\"_cf_verify\" value=\"f07c8e5c1a\"  data-nonce-time=\"1775733732\" \/><input type=\"hidden\" name=\"_wp_http_referer\" value=\"\/de\/wp-json\/wp\/v2\/pages\/948\" \/><div id=\"cf2-CF60397ec4c21d3_2\"><\/div><input type=\"hidden\" name=\"_cf_frm_id\" value=\"CF60397ec4c21d3\">\r\n<input type=\"hidden\" name=\"_cf_frm_ct\" value=\"2\">\r\n<input type=\"hidden\" name=\"cfajax\" value=\"CF60397ec4c21d3\">\r\n<input type=\"hidden\" name=\"_cf_cr_pst\" value=\"948\">\r\n<div class=\"hide\" style=\"display:none; overflow:hidden;height:0;width:0;\">\r\n<label>Url<\/label><input type=\"text\" name=\"url\" value=\"\" autocomplete=\"off\">\r\n<\/div><div id=\"CF60397ec4c21d3_2-row-1\"  class=\"row  first_row\"><div  class=\"col-sm-12  single\"><div class=\"\"><h2> Ihre Daten<\/h2>\n<\/div><div data-field-wrapper=\"fld_8768091\" class=\"form-group\" id=\"fld_8768091_2-wrap\">\r\n\t<label id=\"fld_8768091Label\" for=\"fld_8768091_2\" class=\"control-label screen-reader-text sr-only\">Name<\/label>\r\n\t<div class=\"\">\r\n\t\t<input placeholder=\"Name\"  required type=\"text\" data-field=\"fld_8768091\" class=\" form-control\" id=\"fld_8768091_2\" name=\"fld_8768091\" value=\"\" data-type=\"text\" aria-required=\"true\"   aria-labelledby=\"fld_8768091Label\" >\t\t\t<\/div>\r\n<\/div>\r\n<div data-field-wrapper=\"fld_7780436\" class=\"form-group\" id=\"fld_7780436_2-wrap\">\r\n\t<label id=\"fld_7780436Label\" for=\"fld_7780436_2\" class=\"control-label screen-reader-text sr-only\">Firmenname<\/label>\r\n\t<div class=\"\">\r\n\t\t<input placeholder=\" Firmenname\"  required type=\"text\" data-field=\"fld_7780436\" class=\" form-control\" id=\"fld_7780436_2\" name=\"fld_7780436\" value=\"\" data-type=\"text\" aria-required=\"true\"   aria-labelledby=\"fld_7780436Label\" >\t\t\t<\/div>\r\n<\/div>\r\n<div data-field-wrapper=\"fld_8579364\" class=\"form-group\" id=\"fld_8579364_2-wrap\">\r\n\t<label id=\"fld_8579364Label\" for=\"fld_8579364_2\" class=\"control-label screen-reader-text sr-only\">Land<\/label>\r\n\t<div class=\"\">\r\n\t\t<input placeholder=\"Land\"  required type=\"text\" data-field=\"fld_8579364\" class=\" form-control\" id=\"fld_8579364_2\" name=\"fld_8579364\" value=\"\" data-type=\"text\" aria-required=\"true\"   aria-labelledby=\"fld_8579364Label\" >\t\t\t<\/div>\r\n<\/div>\r\n<div data-field-wrapper=\"fld_6009157\" class=\"form-group\" id=\"fld_6009157_2-wrap\">\r\n\t<label id=\"fld_6009157Label\" for=\"fld_6009157_2\" class=\"control-label screen-reader-text sr-only\">E-Mail-Addresse<\/label>\r\n\t<div class=\"\">\r\n\t\t<input placeholder=\"E-Mail-Addresse\"  required type=\"email\" data-field=\"fld_6009157\" class=\" form-control\" id=\"fld_6009157_2\" name=\"fld_6009157\" value=\"\" data-type=\"email\" aria-required=\"true\"   aria-labelledby=\"fld_6009157Label\" >\t\t\t<\/div>\r\n<\/div>\r\n<\/div><\/div><div id=\"CF60397ec4c21d3_2-row-2\"  class=\"row  last_row\"><div  class=\"col-sm-12  single\"><div data-field-wrapper=\"fld_7908577\" class=\"form-group\" id=\"fld_7908577_2-wrap\">\r\n\t<label class=\"control-label\">&nbsp;<\/label>\n<div class=\"\">\r\n\t<input  class=\"forms_submit\" type=\"submit\" name=\"fld_7908577\" id=\"fld_7908577_2\" value=\"Forder Katalog an\" data-field=\"fld_7908577\"  >\n<\/div>\r\n<\/div>\r\n\t<input class=\"button_trigger_2\" type=\"hidden\" name=\"fld_7908577\" id=\"fld_7908577_2_btn\" value=\"\" data-field=\"fld_7908577\"  \/>\n<\/div><\/div><\/form>\r\n<\/div>\r\n<\/p>\n","protected":false},"author":2,"featured_media":0,"parent":0,"menu_order":7,"comment_status":"closed","ping_status":"closed","template":"","meta":{"_et_pb_use_builder":"on","_et_pb_old_content":"","_et_gb_content_width":"","footnotes":""},"class_list":["post-948","page","type-page","status-publish","hentry"],"yoast_head":"<!-- This site is optimized with the Yoast SEO plugin v27.3 - https:\/\/yoast.com\/product\/yoast-seo-wordpress\/ -->\n<title>Katalogus - Parts Factory<\/title>\n<meta name=\"robots\" content=\"index, follow, max-snippet:-1, max-image-preview:large, max-video-preview:-1\" \/>\n<link rel=\"canonical\" href=\"https:\/\/www.partsfactory.com\/de\/katalogus\/\" \/>\n<meta property=\"og:locale\" content=\"de_DE\" \/>\n<meta property=\"og:type\" content=\"article\" \/>\n<meta property=\"og:title\" content=\"Katalogus - Parts Factory\" \/>\n<meta property=\"og:description\" content=\"M\u00f6chten Sie mehr \u00fcber unsere Produke erfahren?Erhalten Sie kostenlos unseren KatalogUnser gesamtes Sortiment inklusive OE-Referenzen f\u00fcr Bremsen, Sensoren und weitere Produkte k\u00f6nnen Sie im Katalog 2021\/2022 einsehen.\u00a0Hinterlassen Sie Ihre Daten und Sie erhalten unsere Parts Factory Dokumentation kostenlos.\" \/>\n<meta property=\"og:url\" content=\"https:\/\/www.partsfactory.com\/de\/katalogus\/\" \/>\n<meta property=\"og:site_name\" content=\"Parts Factory\" \/>\n<meta property=\"article:modified_time\" content=\"2021-02-26T23:07:24+00:00\" \/>\n<meta name=\"twitter:card\" content=\"summary_large_image\" \/>\n<meta name=\"twitter:label1\" content=\"Gesch\u00e4tzte Lesezeit\" \/>\n\t<meta name=\"twitter:data1\" content=\"4\u00a0Minuten\" \/>\n<script type=\"application\/ld+json\" class=\"yoast-schema-graph\">{\"@context\":\"https:\\\/\\\/schema.org\",\"@graph\":[{\"@type\":\"WebPage\",\"@id\":\"https:\\\/\\\/www.partsfactory.com\\\/de\\\/katalogus\\\/\",\"url\":\"https:\\\/\\\/www.partsfactory.com\\\/de\\\/katalogus\\\/\",\"name\":\"Katalogus - Parts Factory\",\"isPartOf\":{\"@id\":\"https:\\\/\\\/www.partsfactory.com\\\/de\\\/#website\"},\"datePublished\":\"2020-11-30T15:53:21+00:00\",\"dateModified\":\"2021-02-26T23:07:24+00:00\",\"breadcrumb\":{\"@id\":\"https:\\\/\\\/www.partsfactory.com\\\/de\\\/katalogus\\\/#breadcrumb\"},\"inLanguage\":\"de\",\"potentialAction\":[{\"@type\":\"ReadAction\",\"target\":[\"https:\\\/\\\/www.partsfactory.com\\\/de\\\/katalogus\\\/\"]}]},{\"@type\":\"BreadcrumbList\",\"@id\":\"https:\\\/\\\/www.partsfactory.com\\\/de\\\/katalogus\\\/#breadcrumb\",\"itemListElement\":[{\"@type\":\"ListItem\",\"position\":1,\"name\":\"Home\",\"item\":\"https:\\\/\\\/www.partsfactory.com\\\/de\\\/\"},{\"@type\":\"ListItem\",\"position\":2,\"name\":\"Katalogus\"}]},{\"@type\":\"WebSite\",\"@id\":\"https:\\\/\\\/www.partsfactory.com\\\/de\\\/#website\",\"url\":\"https:\\\/\\\/www.partsfactory.com\\\/de\\\/\",\"name\":\"Parts Factory\",\"description\":\"High Quality MQ Brake parts\",\"potentialAction\":[{\"@type\":\"SearchAction\",\"target\":{\"@type\":\"EntryPoint\",\"urlTemplate\":\"https:\\\/\\\/www.partsfactory.com\\\/de\\\/?s={search_term_string}\"},\"query-input\":{\"@type\":\"PropertyValueSpecification\",\"valueRequired\":true,\"valueName\":\"search_term_string\"}}],\"inLanguage\":\"de\"}]}<\/script>\n<!-- \/ Yoast SEO plugin. -->","yoast_head_json":{"title":"Katalogus - Parts Factory","robots":{"index":"index","follow":"follow","max-snippet":"max-snippet:-1","max-image-preview":"max-image-preview:large","max-video-preview":"max-video-preview:-1"},"canonical":"https:\/\/www.partsfactory.com\/de\/katalogus\/","og_locale":"de_DE","og_type":"article","og_title":"Katalogus - Parts Factory","og_description":"M\u00f6chten Sie mehr \u00fcber unsere Produke erfahren?Erhalten Sie kostenlos unseren KatalogUnser gesamtes Sortiment inklusive OE-Referenzen f\u00fcr Bremsen, Sensoren und weitere Produkte k\u00f6nnen Sie im Katalog 2021\/2022 einsehen.\u00a0Hinterlassen Sie Ihre Daten und Sie erhalten unsere Parts Factory Dokumentation kostenlos.","og_url":"https:\/\/www.partsfactory.com\/de\/katalogus\/","og_site_name":"Parts Factory","article_modified_time":"2021-02-26T23:07:24+00:00","twitter_card":"summary_large_image","twitter_misc":{"Gesch\u00e4tzte Lesezeit":"4\u00a0Minuten"},"schema":{"@context":"https:\/\/schema.org","@graph":[{"@type":"WebPage","@id":"https:\/\/www.partsfactory.com\/de\/katalogus\/","url":"https:\/\/www.partsfactory.com\/de\/katalogus\/","name":"Katalogus - Parts Factory","isPartOf":{"@id":"https:\/\/www.partsfactory.com\/de\/#website"},"datePublished":"2020-11-30T15:53:21+00:00","dateModified":"2021-02-26T23:07:24+00:00","breadcrumb":{"@id":"https:\/\/www.partsfactory.com\/de\/katalogus\/#breadcrumb"},"inLanguage":"de","potentialAction":[{"@type":"ReadAction","target":["https:\/\/www.partsfactory.com\/de\/katalogus\/"]}]},{"@type":"BreadcrumbList","@id":"https:\/\/www.partsfactory.com\/de\/katalogus\/#breadcrumb","itemListElement":[{"@type":"ListItem","position":1,"name":"Home","item":"https:\/\/www.partsfactory.com\/de\/"},{"@type":"ListItem","position":2,"name":"Katalogus"}]},{"@type":"WebSite","@id":"https:\/\/www.partsfactory.com\/de\/#website","url":"https:\/\/www.partsfactory.com\/de\/","name":"Parts Factory","description":"High Quality MQ Brake parts","potentialAction":[{"@type":"SearchAction","target":{"@type":"EntryPoint","urlTemplate":"https:\/\/www.partsfactory.com\/de\/?s={search_term_string}"},"query-input":{"@type":"PropertyValueSpecification","valueRequired":true,"valueName":"search_term_string"}}],"inLanguage":"de"}]}},"_links":{"self":[{"href":"https:\/\/www.partsfactory.com\/de\/wp-json\/wp\/v2\/pages\/948","targetHints":{"allow":["GET"]}}],"collection":[{"href":"https:\/\/www.partsfactory.com\/de\/wp-json\/wp\/v2\/pages"}],"about":[{"href":"https:\/\/www.partsfactory.com\/de\/wp-json\/wp\/v2\/types\/page"}],"author":[{"embeddable":true,"href":"https:\/\/www.partsfactory.com\/de\/wp-json\/wp\/v2\/users\/2"}],"replies":[{"embeddable":true,"href":"https:\/\/www.partsfactory.com\/de\/wp-json\/wp\/v2\/comments?post=948"}],"version-history":[{"count":6,"href":"https:\/\/www.partsfactory.com\/de\/wp-json\/wp\/v2\/pages\/948\/revisions"}],"predecessor-version":[{"id":1717,"href":"https:\/\/www.partsfactory.com\/de\/wp-json\/wp\/v2\/pages\/948\/revisions\/1717"}],"wp:attachment":[{"href":"https:\/\/www.partsfactory.com\/de\/wp-json\/wp\/v2\/media?parent=948"}],"curies":[{"name":"wp","href":"https:\/\/api.w.org\/{rel}","templated":true}]}}