{"id":952,"date":"2020-11-30T15:53:30","date_gmt":"2020-11-30T15:53:30","guid":{"rendered":"https:\/\/www.partsfactory.com\/the-company\/"},"modified":"2021-03-25T12:06:32","modified_gmt":"2021-03-25T12:06:32","slug":"unternehmen","status":"publish","type":"page","link":"https:\/\/www.partsfactory.com\/de\/unternehmen\/","title":{"rendered":"Unternehmen"},"content":{"rendered":"<p>[et_pb_section fb_built=&#8220;1&#8243; next_background_color=&#8220;#ffffff&#8220; _builder_version=&#8220;4.7.4&#8243; _module_preset=&#8220;default&#8220; background_color=&#8220;#003a57&#8243; use_background_color_gradient=&#8220;on&#8220; background_color_gradient_start=&#8220;#00456b&#8220; background_color_gradient_end=&#8220;#003a57&#8243; background_image=&#8220;https:\/\/www.partsfactory.com\/wp-content\/uploads\/2020\/12\/cleaner-48-5.png&#8220; custom_padding=&#8220;0px||0px|||&#8220; bottom_divider_style=&#8220;slant&#8220; bottom_divider_height=&#8220;50px&#8220; bottom_divider_flip=&#8220;horizontal&#8220; bottom_divider_height_tablet=&#8220;&#8220; bottom_divider_height_phone=&#8220;25px&#8220; bottom_divider_height_last_edited=&#8220;on|phone&#8220; locked=&#8220;off&#8220;][et_pb_row use_custom_gutter=&#8220;on&#8220; gutter_width=&#8220;2&#8243; make_equal=&#8220;on&#8220; custom_padding_last_edited=&#8220;on|phone&#8220; _builder_version=&#8220;4.7.4&#8243; _module_preset=&#8220;default&#8220; width=&#8220;90%&#8220; width_tablet=&#8220;90%&#8220; width_phone=&#8220;90%&#8220; width_last_edited=&#8220;on|tablet&#8220; max_width_tablet=&#8220;90%&#8220; max_width_phone=&#8220;90%&#8220; max_width_last_edited=&#8220;on|desktop&#8220; custom_padding=&#8220;6vh||6vh||true|false&#8220; custom_padding_tablet=&#8220;10vh||10vh||true|false&#8220; custom_padding_phone=&#8220;10vh||7vh||false|false&#8220; animation_direction=&#8220;bottom&#8220;][et_pb_column type=&#8220;4_4&#8243; _builder_version=&#8220;4.6.5&#8243; _module_preset=&#8220;default&#8220;][et_pb_text _builder_version=&#8220;4.7.4&#8243; _module_preset=&#8220;default&#8220; text_font=&#8220;Asap|600|||||||&#8220; text_text_color=&#8220;#93d502&#8243; text_font_size=&#8220;20px&#8220; text_line_height=&#8220;1em&#8220; header_2_font=&#8220;|700|||||||&#8220; custom_margin=&#8220;||10px||false|false&#8220; custom_margin_tablet=&#8220;||15px||false|false&#8220; custom_margin_phone=&#8220;&#8220; custom_margin_last_edited=&#8220;on|phone&#8220; text_font_size_tablet=&#8220;&#8220; text_font_size_phone=&#8220;18px&#8220; text_font_size_last_edited=&#8220;on|phone&#8220;]<\/p>\n<p><span>M\u00f6chten Sie mehr \u00fcber uns erfahren?<\/span><\/p>\n<p>[\/et_pb_text][et_pb_text _builder_version=&#8220;4.7.4&#8243; _module_preset=&#8220;default&#8220; header_text_color=&#8220;#ffffff&#8220; header_font_size=&#8220;50px&#8220; header_2_font=&#8220;|700|||||||&#8220; width=&#8220;50%&#8220; width_tablet=&#8220;90%&#8220; width_phone=&#8220;90%&#8220; width_last_edited=&#8220;on|phone&#8220;]<\/p>\n<h1><strong>Das Unternehmen<\/strong><\/h1>\n<p>[\/et_pb_text][\/et_pb_column][\/et_pb_row][\/et_pb_section][et_pb_section fb_built=&#8220;1&#8243; _builder_version=&#8220;4.7.4&#8243; _module_preset=&#8220;default&#8220;][et_pb_row column_structure=&#8220;1_4,1_4,1_4,1_4&#8243; _builder_version=&#8220;4.7.4&#8243; _module_preset=&#8220;default&#8220; custom_margin=&#8220;20px|auto||auto||&#8220;][et_pb_column type=&#8220;1_4&#8243; _builder_version=&#8220;4.7.4&#8243; _module_preset=&#8220;default&#8220;][et_pb_text _builder_version=&#8220;4.7.4&#8243; _module_preset=&#8220;default&#8220; custom_margin=&#8220;-36px||||false|false&#8220; custom_margin_tablet=&#8220;0px||||false|false&#8220; custom_margin_phone=&#8220;&#8220; custom_margin_last_edited=&#8220;on|tablet&#8220; custom_padding=&#8220;12px|||||&#8220; locked=&#8220;off&#8220;]<\/p>\n<p>Parts Factory\u00ae\u00a0<span>ist ein Lean-Business-Partner.\u00a0Wir erf\u00fcllen Ihre Anforderungen an das Qualit\u00e4ts- und Lieferkettenmanagement, um Ihr Unternehmen zu st\u00e4rken.<\/span><\/p>\n<p>&nbsp;<\/p>\n<p>&nbsp;<\/p>\n<p>[\/et_pb_text][\/et_pb_column][et_pb_column type=&#8220;1_4&#8243; _builder_version=&#8220;4.7.4&#8243; _module_preset=&#8220;default&#8220;][et_pb_blurb title=&#8220;Francesco Smits&#8220; image=&#8220;https:\/\/www.partsfactory.com\/wp-content\/uploads\/2021\/01\/Francesco-Smits.png&#8220; image_max_width=&#8220;150px&#8220; _builder_version=&#8220;4.7.4&#8243; _module_preset=&#8220;default&#8220; header_level=&#8220;h2&#8243; header_font=&#8220;|700|||||||&#8220; body_text_color=&#8220;#8bb1c1&#8243; background_color=&#8220;#ffffff&#8220; text_orientation=&#8220;center&#8220; custom_padding=&#8220;|15px|25px|15px|false|false&#8220; animation=&#8220;off&#8220; custom_css_main_element=&#8220;border-radius:5px;&#8220; custom_css_blurb_image=&#8220;margin-top:-25px;||margin-bottom:20px;&#8220; box_shadow_style=&#8220;preset3&#8243; box_shadow_blur=&#8220;24px&#8220; box_shadow_color=&#8220;rgba(0,0,0,0.1)&#8220; locked=&#8220;off&#8220; box_shadow_color__hover_enabled=&#8220;on|hover&#8220; box_shadow_color__hover=&#8220;rgba(0,0,0,0.23)&#8220;]<\/p>\n<p>Betriebsleiter<\/p>\n<p>[\/et_pb_blurb][\/et_pb_column][et_pb_column type=&#8220;1_4&#8243; _builder_version=&#8220;4.7.4&#8243; _module_preset=&#8220;default&#8220;][et_pb_blurb title=&#8220;Jurgen Wijnhofen&#8220; image=&#8220;https:\/\/www.partsfactory.com\/wp-content\/uploads\/2021\/01\/Jurgen-Wijnhofen.png&#8220; image_max_width=&#8220;150px&#8220; _builder_version=&#8220;4.7.4&#8243; _module_preset=&#8220;default&#8220; header_level=&#8220;h2&#8243; header_font=&#8220;|700|||||||&#8220; body_text_color=&#8220;#8bb1c1&#8243; background_color=&#8220;#ffffff&#8220; text_orientation=&#8220;center&#8220; custom_padding=&#8220;|15px|25px|15px|false|false&#8220; animation=&#8220;off&#8220; custom_css_main_element=&#8220;border-radius:5px;&#8220; custom_css_blurb_image=&#8220;margin-top:-25px;||margin-bottom:20px;&#8220; box_shadow_style=&#8220;preset3&#8243; box_shadow_blur=&#8220;24px&#8220; box_shadow_color=&#8220;rgba(0,0,0,0.1)&#8220; locked=&#8220;off&#8220; box_shadow_color__hover_enabled=&#8220;on|hover&#8220; box_shadow_color__hover=&#8220;rgba(0,0,0,0.23)&#8220;]<\/p>\n<p>Betriebsleiter<\/p>\n<p>[\/et_pb_blurb][\/et_pb_column][et_pb_column type=&#8220;1_4&#8243; _builder_version=&#8220;4.7.4&#8243; _module_preset=&#8220;default&#8220;][et_pb_blurb title=&#8220;Rafael Geerlings&#8220; image=&#8220;https:\/\/www.partsfactory.com\/wp-content\/uploads\/2021\/01\/Rafael-Geerlings.png&#8220; image_max_width=&#8220;150px&#8220; _builder_version=&#8220;4.7.4&#8243; _module_preset=&#8220;default&#8220; header_level=&#8220;h2&#8243; header_font=&#8220;|700|||||||&#8220; body_text_color=&#8220;#8bb1c1&#8243; background_color=&#8220;#ffffff&#8220; text_orientation=&#8220;center&#8220; custom_padding=&#8220;|15px|25px|15px|false|false&#8220; animation=&#8220;off&#8220; custom_css_main_element=&#8220;border-radius:5px;&#8220; custom_css_blurb_image=&#8220;margin-top:-25px;||margin-bottom:20px;&#8220; box_shadow_style=&#8220;preset3&#8243; box_shadow_blur=&#8220;24px&#8220; box_shadow_color=&#8220;rgba(0,0,0,0.1)&#8220; locked=&#8220;off&#8220; box_shadow_color__hover_enabled=&#8220;on|hover&#8220; box_shadow_color__hover=&#8220;rgba(0,0,0,0.23)&#8220;]<\/p>\n<p>Produktmanager<\/p>\n<p>[\/et_pb_blurb][\/et_pb_column][\/et_pb_row][\/et_pb_section][et_pb_section fb_built=&#8220;1&#8243; _builder_version=&#8220;4.7.4&#8243; _module_preset=&#8220;default&#8220; background_color=&#8220;#003a57&#8243; background_enable_image=&#8220;off&#8220; custom_padding=&#8220;19px||19px||true|&#8220; saved_tabs=&#8220;all&#8220; locked=&#8220;off&#8220;][et_pb_row column_structure=&#8220;1_4,1_4,1_4,1_4&#8243; use_custom_gutter=&#8220;on&#8220; gutter_width=&#8220;2&#8243; make_equal=&#8220;on&#8220; _builder_version=&#8220;4.7.4&#8243; _module_preset=&#8220;default&#8220; width=&#8220;90%&#8220; width_tablet=&#8220;90%&#8220; width_phone=&#8220;90%&#8220; width_last_edited=&#8220;on|desktop&#8220; max_width_tablet=&#8220;90%&#8220; max_width_phone=&#8220;90%&#8220; max_width_last_edited=&#8220;on|tablet&#8220; custom_padding=&#8220;0px||0px||true|&#8220;][et_pb_column type=&#8220;1_4&#8243; _builder_version=&#8220;4.7.4&#8243; _module_preset=&#8220;default&#8220;][et_pb_blurb title=&#8220;15+&#8220; image=&#8220;https:\/\/www.partsfactory.com\/wp-content\/uploads\/2020\/12\/cleaner-45-1.png&#8220; icon_placement=&#8220;left&#8220; image_max_width=&#8220;50px&#8220; content_max_width=&#8220;100%&#8220; _builder_version=&#8220;4.7.4&#8243; _module_preset=&#8220;default&#8220; header_font=&#8220;Poppins|700|||||||&#8220; header_text_align=&#8220;left&#8220; header_text_color=&#8220;#ffffff&#8220; header_font_size=&#8220;20px&#8220; body_font=&#8220;Rubik||||||||&#8220; body_text_align=&#8220;left&#8220; body_text_color=&#8220;#ffffff&#8220; body_font_size=&#8220;15px&#8220; body_line_height=&#8220;1.1em&#8220; width_tablet=&#8220;&#8220; width_phone=&#8220;250px&#8220; width_last_edited=&#8220;on|phone&#8220; module_alignment=&#8220;left&#8220; animation=&#8220;off&#8220; module_alignment_tablet=&#8220;&#8220; module_alignment_phone=&#8220;center&#8220; module_alignment_last_edited=&#8220;on|phone&#8220; border_width_top_image=&#8220;5px&#8220; border_color_top_image=&#8220;rgba(0,0,0,0)&#8220; border_width_right_image=&#8220;4px&#8220; border_color_right_image=&#8220;rgba(0,0,0,0)&#8220;]<\/p>\n<p><span>Wir sind in \u00fcber 15 L\u00e4ndern t\u00e4tig<\/span><\/p>\n<p>[\/et_pb_blurb][\/et_pb_column][et_pb_column type=&#8220;1_4&#8243; _builder_version=&#8220;4.7.3&#8243; _module_preset=&#8220;default&#8220;][et_pb_blurb title=&#8220;8,7&#8243; image=&#8220;https:\/\/www.partsfactory.com\/wp-content\/uploads\/2020\/12\/cleaner-45-2.png&#8220; icon_placement=&#8220;left&#8220; image_max_width=&#8220;50px&#8220; content_max_width=&#8220;100%&#8220; _builder_version=&#8220;4.7.4&#8243; _module_preset=&#8220;default&#8220; header_font=&#8220;Poppins|700|||||||&#8220; header_text_align=&#8220;left&#8220; header_text_color=&#8220;#ffffff&#8220; header_font_size=&#8220;20px&#8220; body_font=&#8220;Rubik||||||||&#8220; body_text_align=&#8220;left&#8220; body_text_color=&#8220;#ffffff&#8220; body_font_size=&#8220;15px&#8220; body_line_height=&#8220;1.1em&#8220; width_tablet=&#8220;&#8220; width_phone=&#8220;250px&#8220; width_last_edited=&#8220;on|phone&#8220; module_alignment=&#8220;left&#8220; animation=&#8220;off&#8220; module_alignment_tablet=&#8220;&#8220; module_alignment_phone=&#8220;center&#8220; module_alignment_last_edited=&#8220;on|phone&#8220; border_width_top_image=&#8220;5px&#8220; border_color_top_image=&#8220;rgba(0,0,0,0)&#8220; border_width_right_image=&#8220;4px&#8220; border_color_right_image=&#8220;rgba(0,0,0,0)&#8220;]<\/p>\n<p><span>Unsere Kunden sch\u00e4tzen unsere Produkte und Unterst\u00fctzung<\/span><\/p>\n<p>[\/et_pb_blurb][\/et_pb_column][et_pb_column type=&#8220;1_4&#8243; _builder_version=&#8220;4.7.3&#8243; _module_preset=&#8220;default&#8220;][et_pb_blurb title=&#8220;250+&#8220; image=&#8220;https:\/\/www.partsfactory.com\/wp-content\/uploads\/2020\/12\/cleaner-45-3.png&#8220; icon_placement=&#8220;left&#8220; image_max_width=&#8220;50px&#8220; content_max_width=&#8220;100%&#8220; _builder_version=&#8220;4.7.4&#8243; _module_preset=&#8220;default&#8220; header_font=&#8220;Poppins|700|||||||&#8220; header_text_align=&#8220;left&#8220; header_text_color=&#8220;#ffffff&#8220; header_font_size=&#8220;20px&#8220; body_font=&#8220;Rubik||||||||&#8220; body_text_align=&#8220;left&#8220; body_text_color=&#8220;#ffffff&#8220; body_font_size=&#8220;15px&#8220; body_line_height=&#8220;1.1em&#8220; width_tablet=&#8220;&#8220; width_phone=&#8220;250px&#8220; width_last_edited=&#8220;on|phone&#8220; module_alignment=&#8220;left&#8220; animation=&#8220;off&#8220; module_alignment_tablet=&#8220;&#8220; module_alignment_phone=&#8220;center&#8220; module_alignment_last_edited=&#8220;on|phone&#8220; border_width_top_image=&#8220;5px&#8220; border_color_top_image=&#8220;rgba(0,0,0,0)&#8220; border_width_right_image=&#8220;4px&#8220; border_color_right_image=&#8220;rgba(0,0,0,0)&#8220;]<\/p>\n<p><span>Mehr als 250 Produkte und wir expandieren weiter<\/span><\/p>\n<p>[\/et_pb_blurb][\/et_pb_column][et_pb_column type=&#8220;1_4&#8243; _builder_version=&#8220;4.7.3&#8243; _module_preset=&#8220;default&#8220;][et_pb_blurb title=&#8220;40+&#8220; image=&#8220;https:\/\/www.partsfactory.com\/wp-content\/uploads\/2020\/12\/cleaner-45-4.png&#8220; icon_placement=&#8220;left&#8220; image_max_width=&#8220;50px&#8220; content_max_width=&#8220;100%&#8220; _builder_version=&#8220;4.7.4&#8243; _module_preset=&#8220;default&#8220; header_font=&#8220;Poppins|700|||||||&#8220; header_text_align=&#8220;left&#8220; header_text_color=&#8220;#ffffff&#8220; header_font_size=&#8220;20px&#8220; body_font=&#8220;Rubik||||||||&#8220; body_text_align=&#8220;left&#8220; body_text_color=&#8220;#ffffff&#8220; body_font_size=&#8220;15px&#8220; body_line_height=&#8220;1.1em&#8220; width_tablet=&#8220;&#8220; width_phone=&#8220;250px&#8220; width_last_edited=&#8220;on|phone&#8220; module_alignment=&#8220;left&#8220; animation=&#8220;off&#8220; module_alignment_tablet=&#8220;&#8220; module_alignment_phone=&#8220;center&#8220; module_alignment_last_edited=&#8220;on|phone&#8220; border_width_top_image=&#8220;5px&#8220; border_color_top_image=&#8220;rgba(0,0,0,0)&#8220; border_width_right_image=&#8220;4px&#8220; border_color_right_image=&#8220;rgba(0,0,0,0)&#8220;]<\/p>\n<p><span>Mehr als 40 Jahre Erfahrung innerhalb unseres Expertenteams<\/span><\/p>\n<p>[\/et_pb_blurb][\/et_pb_column][\/et_pb_row][\/et_pb_section][et_pb_section fb_built=&#8220;1&#8243; _builder_version=&#8220;4.7.4&#8243; _module_preset=&#8220;default&#8220;][et_pb_row column_structure=&#8220;3_5,2_5&#8243; _builder_version=&#8220;4.7.4&#8243; _module_preset=&#8220;default&#8220;][et_pb_column type=&#8220;3_5&#8243; _builder_version=&#8220;4.7.4&#8243; _module_preset=&#8220;default&#8220;][et_pb_text _builder_version=&#8220;4.7.4&#8243; _module_preset=&#8220;default&#8220; custom_margin_tablet=&#8220;||50px||false|false&#8220; custom_margin_phone=&#8220;&#8220; custom_margin_last_edited=&#8220;on|phone&#8220;]<\/p>\n<p>Parts Factory\u00ae <span>ist ein Mitglied der Wijlhuizen-Gruppe, einem gro\u00dfen Nutzfahrzeugunternehmen, das 1952 gegr\u00fcndet wurde und seinen Sitz in Arnheim, Niederlande, hat.\u00a0Parts Factory ist ein weltweiter Lieferant von Teilen f\u00fcr Lkw, Anh\u00e4nger &amp; Busse, spezialisiert auf Bremstrommeln, Bremsscheiben &amp; Bremsbel\u00e4ge unter dem Namen Fleetline\u00ae.<\/span><\/p>\n<p>&nbsp;<\/p>\n<p>.<\/p>\n<p>&nbsp;<\/p>\n<p>[\/et_pb_text][\/et_pb_column][et_pb_column type=&#8220;2_5&#8243; _builder_version=&#8220;4.7.4&#8243; _module_preset=&#8220;default&#8220;][et_pb_image src=&#8220;https:\/\/www.partsfactory.com\/wp-content\/uploads\/2020\/12\/Parts-Factory-trucks.jpg&#8220; title_text=&#8220;Parts-Factory-trucks&#8220; _builder_version=&#8220;4.7.4&#8243; _module_preset=&#8220;default&#8220; border_radii=&#8220;on|5px|5px|5px|5px&#8220; locked=&#8220;off&#8220;][\/et_pb_image][\/et_pb_column][\/et_pb_row][\/et_pb_section]<\/p>\n","protected":false},"excerpt":{"rendered":"<p>M\u00f6chten Sie mehr \u00fcber uns erfahren?Das UnternehmenParts Factory\u00ae\u00a0ist ein Lean-Business-Partner.\u00a0Wir erf\u00fcllen Ihre Anforderungen an das Qualit\u00e4ts- und Lieferkettenmanagement, um Ihr Unternehmen zu st\u00e4rken. &nbsp; &nbsp;BetriebsleiterBetriebsleiterProduktmanagerWir sind in \u00fcber 15 L\u00e4ndern t\u00e4tigUnsere Kunden sch\u00e4tzen unsere Produkte und Unterst\u00fctzungMehr als 250 Produkte und wir expandieren weiterMehr als 40 Jahre Erfahrung innerhalb unseres ExpertenteamsParts Factory\u00ae ist ein Mitglied [&hellip;]<\/p>\n","protected":false},"author":2,"featured_media":0,"parent":0,"menu_order":8,"comment_status":"closed","ping_status":"closed","template":"","meta":{"_et_pb_use_builder":"on","_et_pb_old_content":"","_et_gb_content_width":"","footnotes":""},"class_list":["post-952","page","type-page","status-publish","hentry"],"yoast_head":"<!-- This site is optimized with the Yoast SEO plugin v27.3 - https:\/\/yoast.com\/product\/yoast-seo-wordpress\/ -->\n<title>Unternehmen - Parts Factory<\/title>\n<meta name=\"robots\" content=\"index, follow, max-snippet:-1, max-image-preview:large, max-video-preview:-1\" \/>\n<link rel=\"canonical\" href=\"https:\/\/www.partsfactory.com\/de\/unternehmen\/\" \/>\n<meta property=\"og:locale\" content=\"de_DE\" \/>\n<meta property=\"og:type\" content=\"article\" \/>\n<meta property=\"og:title\" content=\"Unternehmen - Parts Factory\" \/>\n<meta property=\"og:description\" content=\"M\u00f6chten Sie mehr \u00fcber uns erfahren?Das UnternehmenParts Factory\u00ae\u00a0ist ein Lean-Business-Partner.\u00a0Wir erf\u00fcllen Ihre Anforderungen an das Qualit\u00e4ts- und Lieferkettenmanagement, um Ihr Unternehmen zu st\u00e4rken. &nbsp; &nbsp;BetriebsleiterBetriebsleiterProduktmanagerWir sind in \u00fcber 15 L\u00e4ndern t\u00e4tigUnsere Kunden sch\u00e4tzen unsere Produkte und Unterst\u00fctzungMehr als 250 Produkte und wir expandieren weiterMehr als 40 Jahre Erfahrung innerhalb unseres ExpertenteamsParts Factory\u00ae ist ein Mitglied [&hellip;]\" \/>\n<meta property=\"og:url\" content=\"https:\/\/www.partsfactory.com\/de\/unternehmen\/\" \/>\n<meta property=\"og:site_name\" content=\"Parts Factory\" \/>\n<meta property=\"article:modified_time\" content=\"2021-03-25T12:06:32+00:00\" \/>\n<meta name=\"twitter:card\" content=\"summary_large_image\" \/>\n<meta name=\"twitter:label1\" content=\"Gesch\u00e4tzte Lesezeit\" \/>\n\t<meta name=\"twitter:data1\" content=\"7\u00a0Minuten\" \/>\n<script type=\"application\/ld+json\" class=\"yoast-schema-graph\">{\"@context\":\"https:\\\/\\\/schema.org\",\"@graph\":[{\"@type\":\"WebPage\",\"@id\":\"https:\\\/\\\/www.partsfactory.com\\\/de\\\/unternehmen\\\/\",\"url\":\"https:\\\/\\\/www.partsfactory.com\\\/de\\\/unternehmen\\\/\",\"name\":\"Unternehmen - Parts Factory\",\"isPartOf\":{\"@id\":\"https:\\\/\\\/www.partsfactory.com\\\/de\\\/#website\"},\"datePublished\":\"2020-11-30T15:53:30+00:00\",\"dateModified\":\"2021-03-25T12:06:32+00:00\",\"breadcrumb\":{\"@id\":\"https:\\\/\\\/www.partsfactory.com\\\/de\\\/unternehmen\\\/#breadcrumb\"},\"inLanguage\":\"de\",\"potentialAction\":[{\"@type\":\"ReadAction\",\"target\":[\"https:\\\/\\\/www.partsfactory.com\\\/de\\\/unternehmen\\\/\"]}]},{\"@type\":\"BreadcrumbList\",\"@id\":\"https:\\\/\\\/www.partsfactory.com\\\/de\\\/unternehmen\\\/#breadcrumb\",\"itemListElement\":[{\"@type\":\"ListItem\",\"position\":1,\"name\":\"Home\",\"item\":\"https:\\\/\\\/www.partsfactory.com\\\/de\\\/\"},{\"@type\":\"ListItem\",\"position\":2,\"name\":\"Unternehmen\"}]},{\"@type\":\"WebSite\",\"@id\":\"https:\\\/\\\/www.partsfactory.com\\\/de\\\/#website\",\"url\":\"https:\\\/\\\/www.partsfactory.com\\\/de\\\/\",\"name\":\"Parts Factory\",\"description\":\"High Quality MQ Brake parts\",\"potentialAction\":[{\"@type\":\"SearchAction\",\"target\":{\"@type\":\"EntryPoint\",\"urlTemplate\":\"https:\\\/\\\/www.partsfactory.com\\\/de\\\/?s={search_term_string}\"},\"query-input\":{\"@type\":\"PropertyValueSpecification\",\"valueRequired\":true,\"valueName\":\"search_term_string\"}}],\"inLanguage\":\"de\"}]}<\/script>\n<!-- \/ Yoast SEO plugin. -->","yoast_head_json":{"title":"Unternehmen - Parts Factory","robots":{"index":"index","follow":"follow","max-snippet":"max-snippet:-1","max-image-preview":"max-image-preview:large","max-video-preview":"max-video-preview:-1"},"canonical":"https:\/\/www.partsfactory.com\/de\/unternehmen\/","og_locale":"de_DE","og_type":"article","og_title":"Unternehmen - Parts Factory","og_description":"M\u00f6chten Sie mehr \u00fcber uns erfahren?Das UnternehmenParts Factory\u00ae\u00a0ist ein Lean-Business-Partner.\u00a0Wir erf\u00fcllen Ihre Anforderungen an das Qualit\u00e4ts- und Lieferkettenmanagement, um Ihr Unternehmen zu st\u00e4rken. &nbsp; &nbsp;BetriebsleiterBetriebsleiterProduktmanagerWir sind in \u00fcber 15 L\u00e4ndern t\u00e4tigUnsere Kunden sch\u00e4tzen unsere Produkte und Unterst\u00fctzungMehr als 250 Produkte und wir expandieren weiterMehr als 40 Jahre Erfahrung innerhalb unseres ExpertenteamsParts Factory\u00ae ist ein Mitglied [&hellip;]","og_url":"https:\/\/www.partsfactory.com\/de\/unternehmen\/","og_site_name":"Parts Factory","article_modified_time":"2021-03-25T12:06:32+00:00","twitter_card":"summary_large_image","twitter_misc":{"Gesch\u00e4tzte Lesezeit":"7\u00a0Minuten"},"schema":{"@context":"https:\/\/schema.org","@graph":[{"@type":"WebPage","@id":"https:\/\/www.partsfactory.com\/de\/unternehmen\/","url":"https:\/\/www.partsfactory.com\/de\/unternehmen\/","name":"Unternehmen - Parts Factory","isPartOf":{"@id":"https:\/\/www.partsfactory.com\/de\/#website"},"datePublished":"2020-11-30T15:53:30+00:00","dateModified":"2021-03-25T12:06:32+00:00","breadcrumb":{"@id":"https:\/\/www.partsfactory.com\/de\/unternehmen\/#breadcrumb"},"inLanguage":"de","potentialAction":[{"@type":"ReadAction","target":["https:\/\/www.partsfactory.com\/de\/unternehmen\/"]}]},{"@type":"BreadcrumbList","@id":"https:\/\/www.partsfactory.com\/de\/unternehmen\/#breadcrumb","itemListElement":[{"@type":"ListItem","position":1,"name":"Home","item":"https:\/\/www.partsfactory.com\/de\/"},{"@type":"ListItem","position":2,"name":"Unternehmen"}]},{"@type":"WebSite","@id":"https:\/\/www.partsfactory.com\/de\/#website","url":"https:\/\/www.partsfactory.com\/de\/","name":"Parts Factory","description":"High Quality MQ Brake parts","potentialAction":[{"@type":"SearchAction","target":{"@type":"EntryPoint","urlTemplate":"https:\/\/www.partsfactory.com\/de\/?s={search_term_string}"},"query-input":{"@type":"PropertyValueSpecification","valueRequired":true,"valueName":"search_term_string"}}],"inLanguage":"de"}]}},"_links":{"self":[{"href":"https:\/\/www.partsfactory.com\/de\/wp-json\/wp\/v2\/pages\/952","targetHints":{"allow":["GET"]}}],"collection":[{"href":"https:\/\/www.partsfactory.com\/de\/wp-json\/wp\/v2\/pages"}],"about":[{"href":"https:\/\/www.partsfactory.com\/de\/wp-json\/wp\/v2\/types\/page"}],"author":[{"embeddable":true,"href":"https:\/\/www.partsfactory.com\/de\/wp-json\/wp\/v2\/users\/2"}],"replies":[{"embeddable":true,"href":"https:\/\/www.partsfactory.com\/de\/wp-json\/wp\/v2\/comments?post=952"}],"version-history":[{"count":5,"href":"https:\/\/www.partsfactory.com\/de\/wp-json\/wp\/v2\/pages\/952\/revisions"}],"predecessor-version":[{"id":1785,"href":"https:\/\/www.partsfactory.com\/de\/wp-json\/wp\/v2\/pages\/952\/revisions\/1785"}],"wp:attachment":[{"href":"https:\/\/www.partsfactory.com\/de\/wp-json\/wp\/v2\/media?parent=952"}],"curies":[{"name":"wp","href":"https:\/\/api.w.org\/{rel}","templated":true}]}}