{"id":955,"date":"2020-12-01T12:05:43","date_gmt":"2020-12-01T12:05:43","guid":{"rendered":"https:\/\/www.partsfactory.com\/the-company\/quality\/"},"modified":"2021-02-24T09:44:23","modified_gmt":"2021-02-24T09:44:23","slug":"kwalitaet","status":"publish","type":"page","link":"https:\/\/www.partsfactory.com\/de\/unternehmen\/kwalitaet\/","title":{"rendered":"Kwalit\u00e4t"},"content":{"rendered":"<p>[et_pb_section fb_built=&#8220;1&#8243; next_background_color=&#8220;#ffffff&#8220; _builder_version=&#8220;4.7.4&#8243; _module_preset=&#8220;default&#8220; background_color=&#8220;#003a57&#8243; use_background_color_gradient=&#8220;on&#8220; background_color_gradient_start=&#8220;#00456b&#8220; background_color_gradient_end=&#8220;#003a57&#8243; background_image=&#8220;https:\/\/www.partsfactory.com\/wp-content\/uploads\/2020\/12\/cleaner-48-5.png&#8220; custom_padding=&#8220;0px||0px|||&#8220; bottom_divider_style=&#8220;slant&#8220; bottom_divider_height=&#8220;50px&#8220; bottom_divider_flip=&#8220;horizontal&#8220; bottom_divider_height_tablet=&#8220;&#8220; bottom_divider_height_phone=&#8220;25px&#8220; bottom_divider_height_last_edited=&#8220;on|phone&#8220; locked=&#8220;off&#8220;][et_pb_row use_custom_gutter=&#8220;on&#8220; gutter_width=&#8220;2&#8243; make_equal=&#8220;on&#8220; custom_padding_last_edited=&#8220;on|phone&#8220; _builder_version=&#8220;4.7.4&#8243; _module_preset=&#8220;default&#8220; width=&#8220;90%&#8220; width_tablet=&#8220;90%&#8220; width_phone=&#8220;90%&#8220; width_last_edited=&#8220;on|tablet&#8220; max_width_tablet=&#8220;90%&#8220; max_width_phone=&#8220;90%&#8220; max_width_last_edited=&#8220;on|desktop&#8220; custom_padding=&#8220;6vh||6vh||true|false&#8220; custom_padding_tablet=&#8220;10vh||10vh||true|false&#8220; custom_padding_phone=&#8220;10vh||7vh||false|false&#8220; animation_direction=&#8220;bottom&#8220;][et_pb_column type=&#8220;4_4&#8243; _builder_version=&#8220;4.6.5&#8243; _module_preset=&#8220;default&#8220;][et_pb_text _builder_version=&#8220;4.7.4&#8243; _module_preset=&#8220;default&#8220; text_font=&#8220;Asap|600|||||||&#8220; text_text_color=&#8220;#93d502&#8243; text_font_size=&#8220;20px&#8220; text_line_height=&#8220;1em&#8220; header_2_font=&#8220;|700|||||||&#8220; custom_margin=&#8220;||10px||false|false&#8220; custom_margin_tablet=&#8220;||15px||false|false&#8220; custom_margin_phone=&#8220;&#8220; custom_margin_last_edited=&#8220;on|phone&#8220; hover_enabled=&#8220;0&#8243; text_font_size_tablet=&#8220;&#8220; text_font_size_phone=&#8220;18px&#8220; text_font_size_last_edited=&#8220;on|phone&#8220; sticky_enabled=&#8220;0&#8243;]<\/p>\n<p><span>Wir garantieren<\/span><\/p>\n<p>[\/et_pb_text][et_pb_text _builder_version=&#8220;4.7.4&#8243; _module_preset=&#8220;default&#8220; header_text_color=&#8220;#ffffff&#8220; header_font_size=&#8220;50px&#8220; header_2_font=&#8220;|700|||||||&#8220; width=&#8220;50%&#8220; width_tablet=&#8220;90%&#8220; width_phone=&#8220;90%&#8220; width_last_edited=&#8220;on|phone&#8220; hover_enabled=&#8220;0&#8243; sticky_enabled=&#8220;0&#8243;]<\/p>\n<h1><strong>Hohe Qualit\u00e4t &amp; Support<\/strong><\/h1>\n<p>[\/et_pb_text][\/et_pb_column][\/et_pb_row][\/et_pb_section][et_pb_section fb_built=&#8220;1&#8243; _builder_version=&#8220;4.7.4&#8243; _module_preset=&#8220;default&#8220;][et_pb_row column_structure=&#8220;3_5,2_5&#8243; _builder_version=&#8220;4.7.4&#8243; _module_preset=&#8220;default&#8220; custom_padding=&#8220;||60px|||&#8220; locked=&#8220;off&#8220;][et_pb_column type=&#8220;3_5&#8243; _builder_version=&#8220;4.7.4&#8243; _module_preset=&#8220;default&#8220;][et_pb_text _builder_version=&#8220;4.7.4&#8243; _module_preset=&#8220;default&#8220; custom_margin=&#8220;5px||||false|false&#8220; custom_margin_tablet=&#8220;0px||||false|false&#8220; custom_margin_phone=&#8220;&#8220; custom_margin_last_edited=&#8220;on|tablet&#8220; hover_enabled=&#8220;0&#8243; locked=&#8220;off&#8220; sticky_enabled=&#8220;0&#8243;]<\/p>\n<p>Parts Factory\u00ae<span>\u00a0ist seit vielen Jahren ein gesch\u00e4tzter Lieferant von Teilen f\u00fcr den LKW- und Anh\u00e4ngermarkt.\u00a0Alle unsere Teile werden unter strengen Bedingungen produziert, um die Qualit\u00e4t unserer Produkte zu gew\u00e4hrleisten.\u00a0Dies spiegelt sich in unseren Bremsteilen wider, wo die meisten Produkte eine ECE R90-Typgenehmigung haben.<\/span><\/p>\n<p><strong>Neben der Qualit\u00e4t unserer Produkte ist der Support vielleicht noch wichtiger.\u00a0Wir stehen hinter unserem Produkt und das bedeutet f\u00fcr Sie:<\/strong><\/p>\n<ul>\n<li><span>Garantieanfragen werden schnell bearbeitet.<\/span><\/li>\n<li><span>Technische Unterst\u00fctzung bei Fragen.<\/span><\/li>\n<li><span>Lagerung und Transport unter optimalen Bedingungen.<\/span><\/li>\n<\/ul>\n<p>&nbsp;<\/p>\n<p>[\/et_pb_text][et_pb_button button_url=&#8220;@ET-DC@eyJkeW5hbWljIjp0cnVlLCJjb250ZW50IjoicG9zdF9saW5rX3VybF9wYWdlIiwic2V0dGluZ3MiOnsicG9zdF9pZCI6Ijk1OSJ9fQ==@&#8220; button_text=&#8220;Bitte kontaktieren Sie uns&#8220; button_alignment=&#8220;center&#8220; _builder_version=&#8220;4.7.4&#8243; _dynamic_attributes=&#8220;button_url&#8220; _module_preset=&#8220;default&#8220; button_use_icon=&#8220;on&#8220; button_icon=&#8220;%%86%%&#8220; button_icon_color=&#8220;#ffffff&#8220; button_icon_placement=&#8220;left&#8220; button_on_hover=&#8220;off&#8220; custom_margin=&#8220;10px|||0px|false|false&#8220; custom_padding=&#8220;10px|25px|10px|42px|true|false&#8220; box_shadow_style=&#8220;preset1&#8243;][\/et_pb_button][\/et_pb_column][et_pb_column type=&#8220;2_5&#8243; _builder_version=&#8220;4.7.4&#8243; _module_preset=&#8220;default&#8220;][et_pb_image src=&#8220;https:\/\/www.partsfactory.com\/wp-content\/uploads\/2021\/01\/kwaliteit-1.jpg&#8220; alt=&#8220;Fleetline_kwaliteit&#8220; title_text=&#8220;kwaliteit&#8220; _builder_version=&#8220;4.7.4&#8243; _module_preset=&#8220;default&#8220; width=&#8220;100%&#8220; max_width=&#8220;100%&#8220; min_height=&#8220;215px&#8220; custom_margin=&#8220;5px||||false|false&#8220; border_radii=&#8220;on|5px|5px|5px|5px&#8220;][\/et_pb_image][\/et_pb_column][\/et_pb_row][et_pb_row column_structure=&#8220;1_5,1_5,1_5,1_5,1_5&#8243; use_custom_gutter=&#8220;on&#8220; gutter_width=&#8220;2&#8243; _builder_version=&#8220;4.7.4&#8243; _module_preset=&#8220;default&#8220; custom_padding=&#8220;||9px||false|false&#8220; locked=&#8220;off&#8220;][et_pb_column type=&#8220;1_5&#8243; _builder_version=&#8220;4.7.4&#8243; _module_preset=&#8220;default&#8220; border_color_right=&#8220;#93d502&#8243;][et_pb_blurb title=&#8220;ECE ZULASSUNG&#8220; use_icon=&#8220;on&#8220; font_icon=&#8220;%%277%%&#8220; use_circle=&#8220;on&#8220; circle_color=&#8220;#ffffff&#8220; use_circle_border=&#8220;on&#8220; icon_placement=&#8220;left&#8220; use_icon_font_size=&#8220;on&#8220; icon_font_size=&#8220;40px&#8220; module_class=&#8220;kwaliblurb&#8220; _builder_version=&#8220;4.7.4&#8243; _module_preset=&#8220;default&#8220; header_font=&#8220;|800|||||||&#8220; header_text_align=&#8220;left&#8220; header_font_size=&#8220;16px&#8220; animation=&#8220;off&#8220;][\/et_pb_blurb][\/et_pb_column][et_pb_column type=&#8220;1_5&#8243; _builder_version=&#8220;4.7.4&#8243; _module_preset=&#8220;default&#8220;][et_pb_blurb title=&#8220;AUSGEZEICHNETE GARANTIE &#8220; use_icon=&#8220;on&#8220; font_icon=&#8220;%%173%%&#8220; use_circle=&#8220;on&#8220; circle_color=&#8220;#ffffff&#8220; use_circle_border=&#8220;on&#8220; icon_placement=&#8220;left&#8220; use_icon_font_size=&#8220;on&#8220; icon_font_size=&#8220;40px&#8220; module_class=&#8220;kwaliblurb&#8220; _builder_version=&#8220;4.7.4&#8243; _module_preset=&#8220;default&#8220; header_font=&#8220;|800|||||||&#8220; header_text_align=&#8220;left&#8220; header_font_size=&#8220;16px&#8220; animation=&#8220;off&#8220; locked=&#8220;off&#8220;][\/et_pb_blurb][\/et_pb_column][et_pb_column type=&#8220;1_5&#8243; _builder_version=&#8220;4.7.4&#8243; _module_preset=&#8220;default&#8220;][et_pb_blurb title=&#8220;TECHNISCHER SUPPORT&#8220; use_icon=&#8220;on&#8220; font_icon=&#8220;%%176%%&#8220; use_circle=&#8220;on&#8220; circle_color=&#8220;#ffffff&#8220; use_circle_border=&#8220;on&#8220; icon_placement=&#8220;left&#8220; use_icon_font_size=&#8220;on&#8220; icon_font_size=&#8220;40px&#8220; module_class=&#8220;kwaliblurb&#8220; _builder_version=&#8220;4.7.4&#8243; _module_preset=&#8220;default&#8220; header_font=&#8220;|800|||||||&#8220; header_text_align=&#8220;left&#8220; header_font_size=&#8220;16px&#8220; animation=&#8220;off&#8220; locked=&#8220;off&#8220;][\/et_pb_blurb][\/et_pb_column][et_pb_column type=&#8220;1_5&#8243; _builder_version=&#8220;4.7.4&#8243; _module_preset=&#8220;default&#8220;][\/et_pb_column][et_pb_column type=&#8220;1_5&#8243; _builder_version=&#8220;4.7.4&#8243; _module_preset=&#8220;default&#8220;][\/et_pb_column][\/et_pb_row][\/et_pb_section]<\/p>\n","protected":false},"excerpt":{"rendered":"<p>Wir garantieren Hohe Qualit\u00e4t &amp; Support Parts Factory\u00ae\u00a0ist seit vielen Jahren ein gesch\u00e4tzter Lieferant von Teilen f\u00fcr den LKW- und Anh\u00e4ngermarkt.\u00a0Alle unsere Teile werden unter strengen Bedingungen produziert, um die Qualit\u00e4t unserer Produkte zu gew\u00e4hrleisten.\u00a0Dies spiegelt sich in unseren Bremsteilen wider, wo die meisten Produkte eine ECE R90-Typgenehmigung haben. Neben der Qualit\u00e4t unserer Produkte ist [&hellip;]<\/p>\n","protected":false},"author":2,"featured_media":0,"parent":952,"menu_order":0,"comment_status":"closed","ping_status":"closed","template":"","meta":{"_et_pb_use_builder":"on","_et_pb_old_content":"<!-- wp:divi\/placeholder \/-->","_et_gb_content_width":"","footnotes":""},"class_list":["post-955","page","type-page","status-publish","hentry"],"yoast_head":"<!-- This site is optimized with the Yoast SEO plugin v27.3 - https:\/\/yoast.com\/product\/yoast-seo-wordpress\/ -->\n<title>Kwalit\u00e4t - Parts Factory<\/title>\n<meta name=\"robots\" content=\"index, follow, max-snippet:-1, max-image-preview:large, max-video-preview:-1\" \/>\n<link rel=\"canonical\" href=\"https:\/\/www.partsfactory.com\/de\/unternehmen\/kwalitaet\/\" \/>\n<meta property=\"og:locale\" content=\"de_DE\" \/>\n<meta property=\"og:type\" content=\"article\" \/>\n<meta property=\"og:title\" content=\"Kwalit\u00e4t - Parts Factory\" \/>\n<meta property=\"og:description\" content=\"Wir garantieren Hohe Qualit\u00e4t &amp; Support Parts Factory\u00ae\u00a0ist seit vielen Jahren ein gesch\u00e4tzter Lieferant von Teilen f\u00fcr den LKW- und Anh\u00e4ngermarkt.\u00a0Alle unsere Teile werden unter strengen Bedingungen produziert, um die Qualit\u00e4t unserer Produkte zu gew\u00e4hrleisten.\u00a0Dies spiegelt sich in unseren Bremsteilen wider, wo die meisten Produkte eine ECE R90-Typgenehmigung haben. Neben der Qualit\u00e4t unserer Produkte ist [&hellip;]\" \/>\n<meta property=\"og:url\" content=\"https:\/\/www.partsfactory.com\/de\/unternehmen\/kwalitaet\/\" \/>\n<meta property=\"og:site_name\" content=\"Parts Factory\" \/>\n<meta property=\"article:modified_time\" content=\"2021-02-24T09:44:23+00:00\" \/>\n<meta name=\"twitter:card\" content=\"summary_large_image\" \/>\n<meta name=\"twitter:label1\" content=\"Gesch\u00e4tzte Lesezeit\" \/>\n\t<meta name=\"twitter:data1\" content=\"4\u00a0Minuten\" \/>\n<script type=\"application\/ld+json\" class=\"yoast-schema-graph\">{\"@context\":\"https:\\\/\\\/schema.org\",\"@graph\":[{\"@type\":\"WebPage\",\"@id\":\"https:\\\/\\\/www.partsfactory.com\\\/de\\\/unternehmen\\\/kwalitaet\\\/\",\"url\":\"https:\\\/\\\/www.partsfactory.com\\\/de\\\/unternehmen\\\/kwalitaet\\\/\",\"name\":\"Kwalit\u00e4t - Parts Factory\",\"isPartOf\":{\"@id\":\"https:\\\/\\\/www.partsfactory.com\\\/de\\\/#website\"},\"datePublished\":\"2020-12-01T12:05:43+00:00\",\"dateModified\":\"2021-02-24T09:44:23+00:00\",\"breadcrumb\":{\"@id\":\"https:\\\/\\\/www.partsfactory.com\\\/de\\\/unternehmen\\\/kwalitaet\\\/#breadcrumb\"},\"inLanguage\":\"de\",\"potentialAction\":[{\"@type\":\"ReadAction\",\"target\":[\"https:\\\/\\\/www.partsfactory.com\\\/de\\\/unternehmen\\\/kwalitaet\\\/\"]}]},{\"@type\":\"BreadcrumbList\",\"@id\":\"https:\\\/\\\/www.partsfactory.com\\\/de\\\/unternehmen\\\/kwalitaet\\\/#breadcrumb\",\"itemListElement\":[{\"@type\":\"ListItem\",\"position\":1,\"name\":\"Home\",\"item\":\"https:\\\/\\\/www.partsfactory.com\\\/de\\\/\"},{\"@type\":\"ListItem\",\"position\":2,\"name\":\"Unternehmen\",\"item\":\"https:\\\/\\\/www.partsfactory.com\\\/de\\\/unternehmen\\\/\"},{\"@type\":\"ListItem\",\"position\":3,\"name\":\"Kwalit\u00e4t\"}]},{\"@type\":\"WebSite\",\"@id\":\"https:\\\/\\\/www.partsfactory.com\\\/de\\\/#website\",\"url\":\"https:\\\/\\\/www.partsfactory.com\\\/de\\\/\",\"name\":\"Parts Factory\",\"description\":\"High Quality MQ Brake parts\",\"potentialAction\":[{\"@type\":\"SearchAction\",\"target\":{\"@type\":\"EntryPoint\",\"urlTemplate\":\"https:\\\/\\\/www.partsfactory.com\\\/de\\\/?s={search_term_string}\"},\"query-input\":{\"@type\":\"PropertyValueSpecification\",\"valueRequired\":true,\"valueName\":\"search_term_string\"}}],\"inLanguage\":\"de\"}]}<\/script>\n<!-- \/ Yoast SEO plugin. -->","yoast_head_json":{"title":"Kwalit\u00e4t - Parts Factory","robots":{"index":"index","follow":"follow","max-snippet":"max-snippet:-1","max-image-preview":"max-image-preview:large","max-video-preview":"max-video-preview:-1"},"canonical":"https:\/\/www.partsfactory.com\/de\/unternehmen\/kwalitaet\/","og_locale":"de_DE","og_type":"article","og_title":"Kwalit\u00e4t - Parts Factory","og_description":"Wir garantieren Hohe Qualit\u00e4t &amp; Support Parts Factory\u00ae\u00a0ist seit vielen Jahren ein gesch\u00e4tzter Lieferant von Teilen f\u00fcr den LKW- und Anh\u00e4ngermarkt.\u00a0Alle unsere Teile werden unter strengen Bedingungen produziert, um die Qualit\u00e4t unserer Produkte zu gew\u00e4hrleisten.\u00a0Dies spiegelt sich in unseren Bremsteilen wider, wo die meisten Produkte eine ECE R90-Typgenehmigung haben. Neben der Qualit\u00e4t unserer Produkte ist [&hellip;]","og_url":"https:\/\/www.partsfactory.com\/de\/unternehmen\/kwalitaet\/","og_site_name":"Parts Factory","article_modified_time":"2021-02-24T09:44:23+00:00","twitter_card":"summary_large_image","twitter_misc":{"Gesch\u00e4tzte Lesezeit":"4\u00a0Minuten"},"schema":{"@context":"https:\/\/schema.org","@graph":[{"@type":"WebPage","@id":"https:\/\/www.partsfactory.com\/de\/unternehmen\/kwalitaet\/","url":"https:\/\/www.partsfactory.com\/de\/unternehmen\/kwalitaet\/","name":"Kwalit\u00e4t - Parts Factory","isPartOf":{"@id":"https:\/\/www.partsfactory.com\/de\/#website"},"datePublished":"2020-12-01T12:05:43+00:00","dateModified":"2021-02-24T09:44:23+00:00","breadcrumb":{"@id":"https:\/\/www.partsfactory.com\/de\/unternehmen\/kwalitaet\/#breadcrumb"},"inLanguage":"de","potentialAction":[{"@type":"ReadAction","target":["https:\/\/www.partsfactory.com\/de\/unternehmen\/kwalitaet\/"]}]},{"@type":"BreadcrumbList","@id":"https:\/\/www.partsfactory.com\/de\/unternehmen\/kwalitaet\/#breadcrumb","itemListElement":[{"@type":"ListItem","position":1,"name":"Home","item":"https:\/\/www.partsfactory.com\/de\/"},{"@type":"ListItem","position":2,"name":"Unternehmen","item":"https:\/\/www.partsfactory.com\/de\/unternehmen\/"},{"@type":"ListItem","position":3,"name":"Kwalit\u00e4t"}]},{"@type":"WebSite","@id":"https:\/\/www.partsfactory.com\/de\/#website","url":"https:\/\/www.partsfactory.com\/de\/","name":"Parts Factory","description":"High Quality MQ Brake parts","potentialAction":[{"@type":"SearchAction","target":{"@type":"EntryPoint","urlTemplate":"https:\/\/www.partsfactory.com\/de\/?s={search_term_string}"},"query-input":{"@type":"PropertyValueSpecification","valueRequired":true,"valueName":"search_term_string"}}],"inLanguage":"de"}]}},"_links":{"self":[{"href":"https:\/\/www.partsfactory.com\/de\/wp-json\/wp\/v2\/pages\/955","targetHints":{"allow":["GET"]}}],"collection":[{"href":"https:\/\/www.partsfactory.com\/de\/wp-json\/wp\/v2\/pages"}],"about":[{"href":"https:\/\/www.partsfactory.com\/de\/wp-json\/wp\/v2\/types\/page"}],"author":[{"embeddable":true,"href":"https:\/\/www.partsfactory.com\/de\/wp-json\/wp\/v2\/users\/2"}],"replies":[{"embeddable":true,"href":"https:\/\/www.partsfactory.com\/de\/wp-json\/wp\/v2\/comments?post=955"}],"version-history":[{"count":5,"href":"https:\/\/www.partsfactory.com\/de\/wp-json\/wp\/v2\/pages\/955\/revisions"}],"predecessor-version":[{"id":1617,"href":"https:\/\/www.partsfactory.com\/de\/wp-json\/wp\/v2\/pages\/955\/revisions\/1617"}],"up":[{"embeddable":true,"href":"https:\/\/www.partsfactory.com\/de\/wp-json\/wp\/v2\/pages\/952"}],"wp:attachment":[{"href":"https:\/\/www.partsfactory.com\/de\/wp-json\/wp\/v2\/media?parent=955"}],"curies":[{"name":"wp","href":"https:\/\/api.w.org\/{rel}","templated":true}]}}