{"id":957,"date":"2020-12-01T12:05:31","date_gmt":"2020-12-01T12:05:31","guid":{"rendered":"https:\/\/www.partsfactory.com\/the-company\/warranty\/"},"modified":"2021-02-24T09:44:13","modified_gmt":"2021-02-24T09:44:13","slug":"garantie","status":"publish","type":"page","link":"https:\/\/www.partsfactory.com\/de\/unternehmen\/garantie\/","title":{"rendered":"Garantie"},"content":{"rendered":"<p>[et_pb_section fb_built=&#8220;1&#8243; next_background_color=&#8220;#ffffff&#8220; _builder_version=&#8220;4.7.4&#8243; _module_preset=&#8220;default&#8220; background_color=&#8220;#003a57&#8243; use_background_color_gradient=&#8220;on&#8220; background_color_gradient_start=&#8220;#00456b&#8220; background_color_gradient_end=&#8220;#003a57&#8243; background_image=&#8220;https:\/\/www.partsfactory.com\/wp-content\/uploads\/2020\/12\/cleaner-48-5.png&#8220; custom_padding=&#8220;0px||0px|||&#8220; bottom_divider_style=&#8220;slant&#8220; bottom_divider_height=&#8220;50px&#8220; bottom_divider_flip=&#8220;horizontal&#8220; bottom_divider_height_tablet=&#8220;&#8220; bottom_divider_height_phone=&#8220;25px&#8220; bottom_divider_height_last_edited=&#8220;on|phone&#8220; locked=&#8220;off&#8220;][et_pb_row use_custom_gutter=&#8220;on&#8220; gutter_width=&#8220;2&#8243; make_equal=&#8220;on&#8220; custom_padding_last_edited=&#8220;on|phone&#8220; _builder_version=&#8220;4.7.4&#8243; _module_preset=&#8220;default&#8220; width=&#8220;90%&#8220; width_tablet=&#8220;90%&#8220; width_phone=&#8220;90%&#8220; width_last_edited=&#8220;on|tablet&#8220; max_width_tablet=&#8220;90%&#8220; max_width_phone=&#8220;90%&#8220; max_width_last_edited=&#8220;on|desktop&#8220; custom_padding=&#8220;6vh||6vh||true|false&#8220; custom_padding_tablet=&#8220;10vh||10vh||true|false&#8220; custom_padding_phone=&#8220;10vh||7vh||false|false&#8220; animation_direction=&#8220;bottom&#8220;][et_pb_column type=&#8220;4_4&#8243; _builder_version=&#8220;4.6.5&#8243; _module_preset=&#8220;default&#8220;][et_pb_text _builder_version=&#8220;4.7.4&#8243; _module_preset=&#8220;default&#8220; text_font=&#8220;Asap|600|||||||&#8220; text_text_color=&#8220;#93d502&#8243; text_font_size=&#8220;20px&#8220; text_line_height=&#8220;1em&#8220; header_2_font=&#8220;|700|||||||&#8220; custom_margin=&#8220;||10px||false|false&#8220; custom_margin_tablet=&#8220;||15px||false|false&#8220; custom_margin_phone=&#8220;&#8220; custom_margin_last_edited=&#8220;on|phone&#8220; hover_enabled=&#8220;0&#8243; text_font_size_tablet=&#8220;&#8220; text_font_size_phone=&#8220;18px&#8220; text_font_size_last_edited=&#8220;on|phone&#8220; sticky_enabled=&#8220;0&#8243;]<\/p>\n<p><span>Unsere ausgezeichneten Garantiebedingungen<\/span><\/p>\n<p>[\/et_pb_text][et_pb_text _builder_version=&#8220;4.7.4&#8243; _module_preset=&#8220;default&#8220; header_text_color=&#8220;#ffffff&#8220; header_font_size=&#8220;50px&#8220; header_2_font=&#8220;|700|||||||&#8220; width=&#8220;50%&#8220; width_tablet=&#8220;90%&#8220; width_phone=&#8220;90%&#8220; width_last_edited=&#8220;on|phone&#8220; hover_enabled=&#8220;0&#8243; sticky_enabled=&#8220;0&#8243;]<\/p>\n<h1><strong>Sicherheit von Fleetline<\/strong><\/h1>\n<p>[\/et_pb_text][\/et_pb_column][\/et_pb_row][\/et_pb_section][et_pb_section fb_built=&#8220;1&#8243; _builder_version=&#8220;4.7.4&#8243; _module_preset=&#8220;default&#8220;][et_pb_row column_structure=&#8220;1_2,1_2&#8243; _builder_version=&#8220;4.7.4&#8243; _module_preset=&#8220;default&#8220; locked=&#8220;off&#8220;][et_pb_column type=&#8220;1_2&#8243; _builder_version=&#8220;4.7.4&#8243; _module_preset=&#8220;default&#8220;][et_pb_text _builder_version=&#8220;4.7.4&#8243; _module_preset=&#8220;default&#8220; custom_margin=&#8220;5px||||false|false&#8220; custom_margin_tablet=&#8220;0px||||false|false&#8220; custom_margin_phone=&#8220;&#8220; custom_margin_last_edited=&#8220;on|tablet&#8220; hover_enabled=&#8220;0&#8243; locked=&#8220;off&#8220; sticky_enabled=&#8220;0&#8243;]<\/p>\n<p><span>Wir stehen hinter unseren \u00a0Fleetline\u00ae Produkten, die wir mit gr\u00f6\u00dfter Sorgfalt entwickeln, produzieren und vertreiben.\u00a0<\/span><\/p>\n<p><span>Auf unsere Produkte gew\u00e4hren wir ausnahmslos eine Garantie von einem Jahr auf Fabrikations- und Materialfehler.\u00a0Dar\u00fcber hinaus haben wir eine hervorragende Kulanzregelung, denn wir wollen mit Ihnen gemeinsam \u00fcber eine passende L\u00f6sung nachdenken, auch \u00fcber die Garantiezeit hinaus.<\/span><\/p>\n<p><span>Wichtig zu wissen ist, dass unsere Produkte nach unseren eigenen Spezifikationen gefertigt werden.\u00a0Diese basieren nat\u00fcrlich auf Originalteilen und funktionieren genauso wie ihre OEM-Pendants.<\/span><\/p>\n<p>&nbsp;<\/p>\n<p>[\/et_pb_text][et_pb_button button_url=&#8220;@ET-DC@eyJkeW5hbWljIjp0cnVlLCJjb250ZW50IjoicG9zdF9saW5rX3VybF9wYWdlIiwic2V0dGluZ3MiOnsicG9zdF9pZCI6Ijk1OSJ9fQ==@&#8220; button_text=&#8220;Bitte kontaktieren Sie uns&#8220; button_alignment=&#8220;center&#8220; _builder_version=&#8220;4.7.4&#8243; _dynamic_attributes=&#8220;button_url&#8220; _module_preset=&#8220;default&#8220; button_border_color=&#8220;#ffffff&#8220; button_use_icon=&#8220;on&#8220; button_icon=&#8220;%%222%%&#8220; button_icon_placement=&#8220;left&#8220; button_on_hover=&#8220;off&#8220; custom_margin=&#8220;10px|||0px|false|false&#8220; custom_padding=&#8220;10px|25px|10px|42px|true|false&#8220; box_shadow_style=&#8220;preset1&#8243;][\/et_pb_button][\/et_pb_column][et_pb_column type=&#8220;1_2&#8243; _builder_version=&#8220;4.7.4&#8243; _module_preset=&#8220;default&#8220;][et_pb_image src=&#8220;https:\/\/www.partsfactory.com\/wp-content\/uploads\/2020\/12\/remtrommel-sf-scaled.jpg&#8220; title_text=&#8220;remtrommel-sf&#8220; _builder_version=&#8220;4.7.4&#8243; _module_preset=&#8220;default&#8220; height=&#8220;316px&#8220; border_radii=&#8220;on|5px|5px|5px|5px&#8220;][\/et_pb_image][\/et_pb_column][\/et_pb_row][et_pb_row _builder_version=&#8220;4.7.4&#8243; _module_preset=&#8220;default&#8220; locked=&#8220;off&#8220;][et_pb_column type=&#8220;4_4&#8243; _builder_version=&#8220;4.7.4&#8243; _module_preset=&#8220;default&#8220;][et_pb_cta title=&#8220;M\u00f6chten Sie mehr \u00fcber die Vorteile von Parts Factory erfahren?&#8220; button_text=&#8220;Contact opnemen&#8220; _builder_version=&#8220;4.7.4&#8243; _module_preset=&#8220;default&#8220; background_color=&#8220;#3e5665&#8243; button_icon=&#8220;%%222%%&#8220; button_icon_color=&#8220;#ffffff&#8220; button_icon_placement=&#8220;left&#8220; button_on_hover=&#8220;off&#8220; button_alignment=&#8220;center&#8220; hover_enabled=&#8220;0&#8243; sticky_enabled=&#8220;0&#8243;]<\/p>\n<p><span>Unser Spezialistenteam informiert Sie gerne \u00fcber die M\u00f6glichkeiten, die wir Ihnen bieten k\u00f6nnen.<\/span><\/p>\n<p>[\/et_pb_cta][\/et_pb_column][\/et_pb_row][et_pb_row column_structure=&#8220;1_3,1_3,1_3&#8243; _builder_version=&#8220;4.7.4&#8243; _module_preset=&#8220;default&#8220; locked=&#8220;off&#8220;][et_pb_column type=&#8220;1_3&#8243; _builder_version=&#8220;4.7.4&#8243; _module_preset=&#8220;default&#8220;][et_pb_blurb title=&#8220;Francesco Smits&#8220; image=&#8220;https:\/\/www.partsfactory.com\/wp-content\/uploads\/2021\/01\/Francesco-Smits.png&#8220; image_max_width=&#8220;150px&#8220; _builder_version=&#8220;4.7.4&#8243; _module_preset=&#8220;default&#8220; header_level=&#8220;h2&#8243; header_font=&#8220;|700|||||||&#8220; body_text_color=&#8220;#8bb1c1&#8243; background_color=&#8220;#ffffff&#8220; text_orientation=&#8220;center&#8220; custom_padding=&#8220;|15px|25px|15px|false|false&#8220; animation=&#8220;off&#8220; custom_css_main_element=&#8220;border-radius:5px;&#8220; custom_css_blurb_image=&#8220;margin-top:-25px;||margin-bottom:20px;&#8220; box_shadow_style=&#8220;preset3&#8243; box_shadow_blur=&#8220;24px&#8220; box_shadow_color=&#8220;rgba(0,0,0,0.1)&#8220; locked=&#8220;off&#8220; box_shadow_color__hover_enabled=&#8220;on|hover&#8220; box_shadow_color__hover=&#8220;rgba(0,0,0,0.23)&#8220;]<\/p>\n<p>Betriebsleiter<\/p>\n<p>[\/et_pb_blurb][\/et_pb_column][et_pb_column type=&#8220;1_3&#8243; _builder_version=&#8220;4.7.4&#8243; _module_preset=&#8220;default&#8220;][et_pb_blurb title=&#8220;Jurgen Wijnhofen&#8220; image=&#8220;https:\/\/www.partsfactory.com\/wp-content\/uploads\/2021\/01\/Jurgen-Wijnhofen.png&#8220; image_max_width=&#8220;150px&#8220; _builder_version=&#8220;4.7.4&#8243; _module_preset=&#8220;default&#8220; header_level=&#8220;h2&#8243; header_font=&#8220;|700|||||||&#8220; body_text_color=&#8220;#8bb1c1&#8243; background_color=&#8220;#ffffff&#8220; text_orientation=&#8220;center&#8220; custom_padding=&#8220;|15px|25px|15px|false|false&#8220; animation=&#8220;off&#8220; custom_css_main_element=&#8220;border-radius:5px;&#8220; custom_css_blurb_image=&#8220;margin-top:-25px;||margin-bottom:20px;&#8220; box_shadow_style=&#8220;preset3&#8243; box_shadow_blur=&#8220;24px&#8220; box_shadow_color=&#8220;rgba(0,0,0,0.1)&#8220; locked=&#8220;off&#8220; box_shadow_color__hover_enabled=&#8220;on|hover&#8220; box_shadow_color__hover=&#8220;rgba(0,0,0,0.23)&#8220;]<\/p>\n<p>Betriebsleiter<\/p>\n<p>[\/et_pb_blurb][\/et_pb_column][et_pb_column type=&#8220;1_3&#8243; _builder_version=&#8220;4.7.4&#8243; _module_preset=&#8220;default&#8220;][et_pb_blurb title=&#8220;Rafael Geerlings&#8220; image=&#8220;https:\/\/www.partsfactory.com\/wp-content\/uploads\/2021\/01\/Rafael-Geerlings.png&#8220; image_max_width=&#8220;150px&#8220; _builder_version=&#8220;4.7.4&#8243; _module_preset=&#8220;default&#8220; header_level=&#8220;h2&#8243; header_font=&#8220;|700|||||||&#8220; body_text_color=&#8220;#8bb1c1&#8243; background_color=&#8220;#ffffff&#8220; text_orientation=&#8220;center&#8220; custom_padding=&#8220;|15px|25px|15px|false|false&#8220; animation=&#8220;off&#8220; custom_css_main_element=&#8220;border-radius:5px;&#8220; custom_css_blurb_image=&#8220;margin-top:-25px;||margin-bottom:20px;&#8220; box_shadow_style=&#8220;preset3&#8243; box_shadow_blur=&#8220;24px&#8220; box_shadow_color=&#8220;rgba(0,0,0,0.1)&#8220; locked=&#8220;off&#8220; box_shadow_color__hover_enabled=&#8220;on|hover&#8220; box_shadow_color__hover=&#8220;rgba(0,0,0,0.23)&#8220;]<\/p>\n<p>Produktmanager<\/p>\n<p>[\/et_pb_blurb][\/et_pb_column][\/et_pb_row][et_pb_row _builder_version=&#8220;4.7.4&#8243; _module_preset=&#8220;default&#8220; locked=&#8220;off&#8220;][et_pb_column type=&#8220;4_4&#8243; _builder_version=&#8220;4.7.4&#8243; _module_preset=&#8220;default&#8220;][et_pb_button button_url=&#8220;@ET-DC@eyJkeW5hbWljIjp0cnVlLCJjb250ZW50IjoicG9zdF9saW5rX3VybF9wYWdlIiwic2V0dGluZ3MiOnsicG9zdF9pZCI6Ijk1OSJ9fQ==@&#8220; button_text=&#8220;Bitte Kontaktieren Sie uns&#8220; button_alignment=&#8220;center&#8220; _builder_version=&#8220;4.7.4&#8243; _dynamic_attributes=&#8220;button_url&#8220; _module_preset=&#8220;default&#8220; button_border_color=&#8220;#ffffff&#8220; button_use_icon=&#8220;on&#8220; button_icon=&#8220;%%222%%&#8220; button_icon_placement=&#8220;left&#8220; button_on_hover=&#8220;off&#8220; custom_margin=&#8220;10px|||0px|false|false&#8220; custom_padding=&#8220;10px|25px|10px|42px|true|false&#8220; box_shadow_style=&#8220;preset1&#8243;][\/et_pb_button][\/et_pb_column][\/et_pb_row][\/et_pb_section]<\/p>\n","protected":false},"excerpt":{"rendered":"<p>Unsere ausgezeichneten Garantiebedingungen Sicherheit von Fleetline Wir stehen hinter unseren \u00a0Fleetline\u00ae Produkten, die wir mit gr\u00f6\u00dfter Sorgfalt entwickeln, produzieren und vertreiben.\u00a0 Auf unsere Produkte gew\u00e4hren wir ausnahmslos eine Garantie von einem Jahr auf Fabrikations- und Materialfehler.\u00a0Dar\u00fcber hinaus haben wir eine hervorragende Kulanzregelung, denn wir wollen mit Ihnen gemeinsam \u00fcber eine passende L\u00f6sung nachdenken, auch \u00fcber [&hellip;]<\/p>\n","protected":false},"author":2,"featured_media":0,"parent":952,"menu_order":0,"comment_status":"closed","ping_status":"closed","template":"","meta":{"_et_pb_use_builder":"on","_et_pb_old_content":"<!-- wp:divi\/placeholder \/-->","_et_gb_content_width":"","footnotes":""},"class_list":["post-957","page","type-page","status-publish","hentry"],"yoast_head":"<!-- This site is optimized with the Yoast SEO plugin v27.3 - https:\/\/yoast.com\/product\/yoast-seo-wordpress\/ -->\n<title>Garantie - Parts Factory<\/title>\n<meta name=\"robots\" content=\"index, follow, max-snippet:-1, max-image-preview:large, max-video-preview:-1\" \/>\n<link rel=\"canonical\" href=\"https:\/\/www.partsfactory.com\/de\/unternehmen\/garantie\/\" \/>\n<meta property=\"og:locale\" content=\"de_DE\" \/>\n<meta property=\"og:type\" content=\"article\" \/>\n<meta property=\"og:title\" content=\"Garantie - Parts Factory\" \/>\n<meta property=\"og:description\" content=\"Unsere ausgezeichneten Garantiebedingungen Sicherheit von Fleetline Wir stehen hinter unseren \u00a0Fleetline\u00ae Produkten, die wir mit gr\u00f6\u00dfter Sorgfalt entwickeln, produzieren und vertreiben.\u00a0 Auf unsere Produkte gew\u00e4hren wir ausnahmslos eine Garantie von einem Jahr auf Fabrikations- und Materialfehler.\u00a0Dar\u00fcber hinaus haben wir eine hervorragende Kulanzregelung, denn wir wollen mit Ihnen gemeinsam \u00fcber eine passende L\u00f6sung nachdenken, auch \u00fcber [&hellip;]\" \/>\n<meta property=\"og:url\" content=\"https:\/\/www.partsfactory.com\/de\/unternehmen\/garantie\/\" \/>\n<meta property=\"og:site_name\" content=\"Parts Factory\" \/>\n<meta property=\"article:modified_time\" content=\"2021-02-24T09:44:13+00:00\" \/>\n<meta name=\"twitter:card\" content=\"summary_large_image\" \/>\n<meta name=\"twitter:label1\" content=\"Gesch\u00e4tzte Lesezeit\" \/>\n\t<meta name=\"twitter:data1\" content=\"5\u00a0Minuten\" \/>\n<script type=\"application\/ld+json\" class=\"yoast-schema-graph\">{\"@context\":\"https:\\\/\\\/schema.org\",\"@graph\":[{\"@type\":\"WebPage\",\"@id\":\"https:\\\/\\\/www.partsfactory.com\\\/de\\\/unternehmen\\\/garantie\\\/\",\"url\":\"https:\\\/\\\/www.partsfactory.com\\\/de\\\/unternehmen\\\/garantie\\\/\",\"name\":\"Garantie - Parts Factory\",\"isPartOf\":{\"@id\":\"https:\\\/\\\/www.partsfactory.com\\\/de\\\/#website\"},\"datePublished\":\"2020-12-01T12:05:31+00:00\",\"dateModified\":\"2021-02-24T09:44:13+00:00\",\"breadcrumb\":{\"@id\":\"https:\\\/\\\/www.partsfactory.com\\\/de\\\/unternehmen\\\/garantie\\\/#breadcrumb\"},\"inLanguage\":\"de\",\"potentialAction\":[{\"@type\":\"ReadAction\",\"target\":[\"https:\\\/\\\/www.partsfactory.com\\\/de\\\/unternehmen\\\/garantie\\\/\"]}]},{\"@type\":\"BreadcrumbList\",\"@id\":\"https:\\\/\\\/www.partsfactory.com\\\/de\\\/unternehmen\\\/garantie\\\/#breadcrumb\",\"itemListElement\":[{\"@type\":\"ListItem\",\"position\":1,\"name\":\"Home\",\"item\":\"https:\\\/\\\/www.partsfactory.com\\\/de\\\/\"},{\"@type\":\"ListItem\",\"position\":2,\"name\":\"Unternehmen\",\"item\":\"https:\\\/\\\/www.partsfactory.com\\\/de\\\/unternehmen\\\/\"},{\"@type\":\"ListItem\",\"position\":3,\"name\":\"Garantie\"}]},{\"@type\":\"WebSite\",\"@id\":\"https:\\\/\\\/www.partsfactory.com\\\/de\\\/#website\",\"url\":\"https:\\\/\\\/www.partsfactory.com\\\/de\\\/\",\"name\":\"Parts Factory\",\"description\":\"High Quality MQ Brake parts\",\"potentialAction\":[{\"@type\":\"SearchAction\",\"target\":{\"@type\":\"EntryPoint\",\"urlTemplate\":\"https:\\\/\\\/www.partsfactory.com\\\/de\\\/?s={search_term_string}\"},\"query-input\":{\"@type\":\"PropertyValueSpecification\",\"valueRequired\":true,\"valueName\":\"search_term_string\"}}],\"inLanguage\":\"de\"}]}<\/script>\n<!-- \/ Yoast SEO plugin. -->","yoast_head_json":{"title":"Garantie - Parts Factory","robots":{"index":"index","follow":"follow","max-snippet":"max-snippet:-1","max-image-preview":"max-image-preview:large","max-video-preview":"max-video-preview:-1"},"canonical":"https:\/\/www.partsfactory.com\/de\/unternehmen\/garantie\/","og_locale":"de_DE","og_type":"article","og_title":"Garantie - Parts Factory","og_description":"Unsere ausgezeichneten Garantiebedingungen Sicherheit von Fleetline Wir stehen hinter unseren \u00a0Fleetline\u00ae Produkten, die wir mit gr\u00f6\u00dfter Sorgfalt entwickeln, produzieren und vertreiben.\u00a0 Auf unsere Produkte gew\u00e4hren wir ausnahmslos eine Garantie von einem Jahr auf Fabrikations- und Materialfehler.\u00a0Dar\u00fcber hinaus haben wir eine hervorragende Kulanzregelung, denn wir wollen mit Ihnen gemeinsam \u00fcber eine passende L\u00f6sung nachdenken, auch \u00fcber [&hellip;]","og_url":"https:\/\/www.partsfactory.com\/de\/unternehmen\/garantie\/","og_site_name":"Parts Factory","article_modified_time":"2021-02-24T09:44:13+00:00","twitter_card":"summary_large_image","twitter_misc":{"Gesch\u00e4tzte Lesezeit":"5\u00a0Minuten"},"schema":{"@context":"https:\/\/schema.org","@graph":[{"@type":"WebPage","@id":"https:\/\/www.partsfactory.com\/de\/unternehmen\/garantie\/","url":"https:\/\/www.partsfactory.com\/de\/unternehmen\/garantie\/","name":"Garantie - Parts Factory","isPartOf":{"@id":"https:\/\/www.partsfactory.com\/de\/#website"},"datePublished":"2020-12-01T12:05:31+00:00","dateModified":"2021-02-24T09:44:13+00:00","breadcrumb":{"@id":"https:\/\/www.partsfactory.com\/de\/unternehmen\/garantie\/#breadcrumb"},"inLanguage":"de","potentialAction":[{"@type":"ReadAction","target":["https:\/\/www.partsfactory.com\/de\/unternehmen\/garantie\/"]}]},{"@type":"BreadcrumbList","@id":"https:\/\/www.partsfactory.com\/de\/unternehmen\/garantie\/#breadcrumb","itemListElement":[{"@type":"ListItem","position":1,"name":"Home","item":"https:\/\/www.partsfactory.com\/de\/"},{"@type":"ListItem","position":2,"name":"Unternehmen","item":"https:\/\/www.partsfactory.com\/de\/unternehmen\/"},{"@type":"ListItem","position":3,"name":"Garantie"}]},{"@type":"WebSite","@id":"https:\/\/www.partsfactory.com\/de\/#website","url":"https:\/\/www.partsfactory.com\/de\/","name":"Parts Factory","description":"High Quality MQ Brake parts","potentialAction":[{"@type":"SearchAction","target":{"@type":"EntryPoint","urlTemplate":"https:\/\/www.partsfactory.com\/de\/?s={search_term_string}"},"query-input":{"@type":"PropertyValueSpecification","valueRequired":true,"valueName":"search_term_string"}}],"inLanguage":"de"}]}},"_links":{"self":[{"href":"https:\/\/www.partsfactory.com\/de\/wp-json\/wp\/v2\/pages\/957","targetHints":{"allow":["GET"]}}],"collection":[{"href":"https:\/\/www.partsfactory.com\/de\/wp-json\/wp\/v2\/pages"}],"about":[{"href":"https:\/\/www.partsfactory.com\/de\/wp-json\/wp\/v2\/types\/page"}],"author":[{"embeddable":true,"href":"https:\/\/www.partsfactory.com\/de\/wp-json\/wp\/v2\/users\/2"}],"replies":[{"embeddable":true,"href":"https:\/\/www.partsfactory.com\/de\/wp-json\/wp\/v2\/comments?post=957"}],"version-history":[{"count":3,"href":"https:\/\/www.partsfactory.com\/de\/wp-json\/wp\/v2\/pages\/957\/revisions"}],"predecessor-version":[{"id":1512,"href":"https:\/\/www.partsfactory.com\/de\/wp-json\/wp\/v2\/pages\/957\/revisions\/1512"}],"up":[{"embeddable":true,"href":"https:\/\/www.partsfactory.com\/de\/wp-json\/wp\/v2\/pages\/952"}],"wp:attachment":[{"href":"https:\/\/www.partsfactory.com\/de\/wp-json\/wp\/v2\/media?parent=957"}],"curies":[{"name":"wp","href":"https:\/\/api.w.org\/{rel}","templated":true}]}}